{"id":622,"date":"2022-12-06T16:15:01","date_gmt":"2022-12-06T19:15:01","guid":{"rendered":"https:\/\/salafilmes.com\/?page_id=622"},"modified":"2022-12-08T09:57:51","modified_gmt":"2022-12-08T12:57:51","slug":"aluguel-de-equipamentos","status":"publish","type":"page","link":"https:\/\/salafilmes.com\/index.php\/aluguel-de-equipamentos\/","title":{"rendered":"Aluguel de Equipamentos"},"content":{"rendered":"\t\t<div data-elementor-type=\"wp-page\" data-elementor-id=\"622\" class=\"elementor elementor-622\" data-elementor-settings=\"[]\">\n\t\t\t\t\t\t<div class=\"elementor-inner\">\n\t\t\t\t\t\t\t<div class=\"elementor-section-wrap\">\n\t\t\t\t\t\t\t<section class=\"elementor-section elementor-top-section elementor-element elementor-element-qflue6d elementor-section-height-min-height elementor-section-boxed elementor-section-height-default elementor-section-items-middle\" data-id=\"qflue6d\" data-element_type=\"section\" data-settings=\"{&quot;background_background&quot;:&quot;classic&quot;}\">\n\t\t\t\t\t\t\t<div class=\"elementor-background-overlay\"><\/div>\n\t\t\t\t\t\t\t<div class=\"elementor-container elementor-column-gap-default\">\n\t\t\t\t\t\t\t<div class=\"elementor-row\">\n\t\t\t\t\t<div class=\"elementor-column elementor-col-100 elementor-top-column elementor-element elementor-element-d370te9\" data-id=\"d370te9\" data-element_type=\"column\">\n\t\t\t<div class=\"elementor-column-wrap elementor-element-populated\">\n\t\t\t\t\t\t\t<div class=\"elementor-widget-wrap\">\n\t\t\t\t\t\t<div class=\"elementor-element elementor-element-q7kzudq elementor-widget elementor-widget-heading\" data-id=\"q7kzudq\" data-element_type=\"widget\" data-widget_type=\"heading.default\">\n\t\t\t\t<div class=\"elementor-widget-container\">\n\t\t\t<h2 class=\"elementor-heading-title elementor-size-default\">ALUGUEL DE EQUIPAMENTO<\/h2>\t\t<\/div>\n\t\t\t\t<\/div>\n\t\t\t\t<div class=\"elementor-element elementor-element-89bc732 elementor-widget elementor-widget-text-editor\" data-id=\"89bc732\" data-element_type=\"widget\" data-widget_type=\"text-editor.default\">\n\t\t\t\t<div class=\"elementor-widget-container\">\n\t\t\t\t\t<div class=\"elementor-text-editor elementor-clearfix\"><p style=\"text-align: center;\"><span style=\"color: #ffffff;\">Entre em contato com a gente e alugue os equipamentos que voc\u00ea precisa para realizar suas pr\u00f3prias produ\u00e7\u00f5es.<\/span><\/p><\/div>\n\t\t\t\t<\/div>\n\t\t\t\t<\/div>\n\t\t\t\t\t\t<\/div>\n\t\t\t\t\t<\/div>\n\t\t<\/div>\n\t\t\t\t\t\t\t\t<\/div>\n\t\t\t\t\t<\/div>\n\t\t<\/section>\n\t\t\t\t<section class=\"elementor-section elementor-top-section elementor-element elementor-element-tkml1zg elementor-section-boxed elementor-section-height-default elementor-section-height-default\" data-id=\"tkml1zg\" data-element_type=\"section\" data-settings=\"{&quot;background_background&quot;:&quot;classic&quot;}\">\n\t\t\t\t\t\t<div class=\"elementor-container elementor-column-gap-default\">\n\t\t\t\t\t\t\t<div class=\"elementor-row\">\n\t\t\t\t\t<div class=\"elementor-column elementor-col-100 elementor-top-column elementor-element elementor-element-97j26r1\" data-id=\"97j26r1\" data-element_type=\"column\">\n\t\t\t<div class=\"elementor-column-wrap elementor-element-populated\">\n\t\t\t\t\t\t\t<div class=\"elementor-widget-wrap\">\n\t\t\t\t\t\t<div class=\"elementor-element elementor-element-9a8c53d gallery-spacing-custom elementor-widget elementor-widget-image-gallery\" data-id=\"9a8c53d\" data-element_type=\"widget\" data-widget_type=\"image-gallery.default\">\n\t\t\t\t<div class=\"elementor-widget-container\">\n\t\t\t\t\t<div class=\"elementor-image-gallery\">\n\t\t\t<div id='gallery-1' class='gallery galleryid-622 gallery-columns-2 gallery-size-full'><figure class='gallery-item'>\n\t\t\t<div class='gallery-icon landscape'>\n\t\t\t\t<a data-elementor-open-lightbox=\"yes\" data-elementor-lightbox-slideshow=\"9a8c53d\" href='https:\/\/salafilmes.com\/wp-content\/uploads\/2022\/12\/1-2.png'><img width=\"1920\" height=\"1080\" src=\"https:\/\/salafilmes.com\/wp-content\/uploads\/2022\/12\/1-2.png\" class=\"attachment-full size-full\" alt=\"\" loading=\"lazy\" srcset=\"https:\/\/salafilmes.com\/wp-content\/uploads\/2022\/12\/1-2.png 1920w, https:\/\/salafilmes.com\/wp-content\/uploads\/2022\/12\/1-2-300x169.png 300w, https:\/\/salafilmes.com\/wp-content\/uploads\/2022\/12\/1-2-1024x576.png 1024w, https:\/\/salafilmes.com\/wp-content\/uploads\/2022\/12\/1-2-768x432.png 768w, https:\/\/salafilmes.com\/wp-content\/uploads\/2022\/12\/1-2-1536x864.png 1536w\" sizes=\"(max-width: 1920px) 100vw, 1920px\" \/><\/a>\n\t\t\t<\/div><\/figure><figure class='gallery-item'>\n\t\t\t<div class='gallery-icon landscape'>\n\t\t\t\t<a data-elementor-open-lightbox=\"yes\" data-elementor-lightbox-slideshow=\"9a8c53d\" href='https:\/\/salafilmes.com\/wp-content\/uploads\/2022\/12\/2-1.png'><img width=\"1920\" height=\"1080\" src=\"https:\/\/salafilmes.com\/wp-content\/uploads\/2022\/12\/2-1.png\" class=\"attachment-full size-full\" alt=\"\" loading=\"lazy\" srcset=\"https:\/\/salafilmes.com\/wp-content\/uploads\/2022\/12\/2-1.png 1920w, https:\/\/salafilmes.com\/wp-content\/uploads\/2022\/12\/2-1-300x169.png 300w, https:\/\/salafilmes.com\/wp-content\/uploads\/2022\/12\/2-1-1024x576.png 1024w, https:\/\/salafilmes.com\/wp-content\/uploads\/2022\/12\/2-1-768x432.png 768w, https:\/\/salafilmes.com\/wp-content\/uploads\/2022\/12\/2-1-1536x864.png 1536w\" sizes=\"(max-width: 1920px) 100vw, 1920px\" \/><\/a>\n\t\t\t<\/div><\/figure><figure class='gallery-item'>\n\t\t\t<div class='gallery-icon landscape'>\n\t\t\t\t<a data-elementor-open-lightbox=\"yes\" data-elementor-lightbox-slideshow=\"9a8c53d\" href='https:\/\/salafilmes.com\/wp-content\/uploads\/2022\/12\/3-1.png'><img width=\"1920\" height=\"1080\" src=\"https:\/\/salafilmes.com\/wp-content\/uploads\/2022\/12\/3-1.png\" class=\"attachment-full size-full\" alt=\"\" loading=\"lazy\" srcset=\"https:\/\/salafilmes.com\/wp-content\/uploads\/2022\/12\/3-1.png 1920w, https:\/\/salafilmes.com\/wp-content\/uploads\/2022\/12\/3-1-300x169.png 300w, https:\/\/salafilmes.com\/wp-content\/uploads\/2022\/12\/3-1-1024x576.png 1024w, https:\/\/salafilmes.com\/wp-content\/uploads\/2022\/12\/3-1-768x432.png 768w, https:\/\/salafilmes.com\/wp-content\/uploads\/2022\/12\/3-1-1536x864.png 1536w\" sizes=\"(max-width: 1920px) 100vw, 1920px\" \/><\/a>\n\t\t\t<\/div><\/figure><figure class='gallery-item'>\n\t\t\t<div class='gallery-icon landscape'>\n\t\t\t\t<a data-elementor-open-lightbox=\"yes\" data-elementor-lightbox-slideshow=\"9a8c53d\" href='https:\/\/salafilmes.com\/wp-content\/uploads\/2022\/12\/4-1.png'><img width=\"1920\" height=\"1080\" src=\"https:\/\/salafilmes.com\/wp-content\/uploads\/2022\/12\/4-1.png\" class=\"attachment-full size-full\" alt=\"\" loading=\"lazy\" srcset=\"https:\/\/salafilmes.com\/wp-content\/uploads\/2022\/12\/4-1.png 1920w, https:\/\/salafilmes.com\/wp-content\/uploads\/2022\/12\/4-1-300x169.png 300w, https:\/\/salafilmes.com\/wp-content\/uploads\/2022\/12\/4-1-1024x576.png 1024w, https:\/\/salafilmes.com\/wp-content\/uploads\/2022\/12\/4-1-768x432.png 768w, https:\/\/salafilmes.com\/wp-content\/uploads\/2022\/12\/4-1-1536x864.png 1536w\" sizes=\"(max-width: 1920px) 100vw, 1920px\" \/><\/a>\n\t\t\t<\/div><\/figure><figure class='gallery-item'>\n\t\t\t<div class='gallery-icon landscape'>\n\t\t\t\t<a data-elementor-open-lightbox=\"yes\" data-elementor-lightbox-slideshow=\"9a8c53d\" href='https:\/\/salafilmes.com\/wp-content\/uploads\/2022\/12\/5-1.png'><img width=\"1920\" height=\"1080\" src=\"https:\/\/salafilmes.com\/wp-content\/uploads\/2022\/12\/5-1.png\" class=\"attachment-full size-full\" alt=\"\" loading=\"lazy\" srcset=\"https:\/\/salafilmes.com\/wp-content\/uploads\/2022\/12\/5-1.png 1920w, https:\/\/salafilmes.com\/wp-content\/uploads\/2022\/12\/5-1-300x169.png 300w, https:\/\/salafilmes.com\/wp-content\/uploads\/2022\/12\/5-1-1024x576.png 1024w, https:\/\/salafilmes.com\/wp-content\/uploads\/2022\/12\/5-1-768x432.png 768w, https:\/\/salafilmes.com\/wp-content\/uploads\/2022\/12\/5-1-1536x864.png 1536w\" sizes=\"(max-width: 1920px) 100vw, 1920px\" \/><\/a>\n\t\t\t<\/div><\/figure><figure class='gallery-item'>\n\t\t\t<div class='gallery-icon landscape'>\n\t\t\t\t<a data-elementor-open-lightbox=\"yes\" data-elementor-lightbox-slideshow=\"9a8c53d\" href='https:\/\/salafilmes.com\/wp-content\/uploads\/2022\/12\/6-1.png'><img width=\"1920\" height=\"1080\" src=\"https:\/\/salafilmes.com\/wp-content\/uploads\/2022\/12\/6-1.png\" class=\"attachment-full size-full\" alt=\"\" loading=\"lazy\" srcset=\"https:\/\/salafilmes.com\/wp-content\/uploads\/2022\/12\/6-1.png 1920w, https:\/\/salafilmes.com\/wp-content\/uploads\/2022\/12\/6-1-300x169.png 300w, https:\/\/salafilmes.com\/wp-content\/uploads\/2022\/12\/6-1-1024x576.png 1024w, https:\/\/salafilmes.com\/wp-content\/uploads\/2022\/12\/6-1-768x432.png 768w, https:\/\/salafilmes.com\/wp-content\/uploads\/2022\/12\/6-1-1536x864.png 1536w\" sizes=\"(max-width: 1920px) 100vw, 1920px\" \/><\/a>\n\t\t\t<\/div><\/figure><figure class='gallery-item'>\n\t\t\t<div class='gallery-icon landscape'>\n\t\t\t\t<a data-elementor-open-lightbox=\"yes\" data-elementor-lightbox-slideshow=\"9a8c53d\" href='https:\/\/salafilmes.com\/wp-content\/uploads\/2022\/12\/7-1.png'><img width=\"1920\" height=\"1080\" src=\"https:\/\/salafilmes.com\/wp-content\/uploads\/2022\/12\/7-1.png\" class=\"attachment-full size-full\" alt=\"\" loading=\"lazy\" srcset=\"https:\/\/salafilmes.com\/wp-content\/uploads\/2022\/12\/7-1.png 1920w, https:\/\/salafilmes.com\/wp-content\/uploads\/2022\/12\/7-1-300x169.png 300w, https:\/\/salafilmes.com\/wp-content\/uploads\/2022\/12\/7-1-1024x576.png 1024w, https:\/\/salafilmes.com\/wp-content\/uploads\/2022\/12\/7-1-768x432.png 768w, https:\/\/salafilmes.com\/wp-content\/uploads\/2022\/12\/7-1-1536x864.png 1536w\" sizes=\"(max-width: 1920px) 100vw, 1920px\" \/><\/a>\n\t\t\t<\/div><\/figure><figure class='gallery-item'>\n\t\t\t<div class='gallery-icon landscape'>\n\t\t\t\t<a data-elementor-open-lightbox=\"yes\" data-elementor-lightbox-slideshow=\"9a8c53d\" href='https:\/\/salafilmes.com\/wp-content\/uploads\/2022\/12\/8-1.png'><img width=\"1920\" height=\"1080\" src=\"https:\/\/salafilmes.com\/wp-content\/uploads\/2022\/12\/8-1.png\" class=\"attachment-full size-full\" alt=\"\" loading=\"lazy\" srcset=\"https:\/\/salafilmes.com\/wp-content\/uploads\/2022\/12\/8-1.png 1920w, https:\/\/salafilmes.com\/wp-content\/uploads\/2022\/12\/8-1-300x169.png 300w, https:\/\/salafilmes.com\/wp-content\/uploads\/2022\/12\/8-1-1024x576.png 1024w, https:\/\/salafilmes.com\/wp-content\/uploads\/2022\/12\/8-1-768x432.png 768w, https:\/\/salafilmes.com\/wp-content\/uploads\/2022\/12\/8-1-1536x864.png 1536w\" sizes=\"(max-width: 1920px) 100vw, 1920px\" \/><\/a>\n\t\t\t<\/div><\/figure>\n\t\t<\/div>\n\t\t<\/div>\n\t\t\t\t<\/div>\n\t\t\t\t<\/div>\n\t\t\t\t\t\t<\/div>\n\t\t\t\t\t<\/div>\n\t\t<\/div>\n\t\t\t\t\t\t\t\t<\/div>\n\t\t\t\t\t<\/div>\n\t\t<\/section>\n\t\t\t\t\t\t<\/div>\n\t\t\t\t\t\t<\/div>\n\t\t\t\t\t<\/div>\n\t\t","protected":false},"excerpt":{"rendered":"<p>ALUGUEL DE EQUIPAMENTO Entre em contato com a gente e alugue os equipamentos que voc\u00ea precisa para realizar suas pr\u00f3prias produ\u00e7\u00f5es.<\/p>\n","protected":false},"author":1,"featured_media":0,"parent":0,"menu_order":0,"comment_status":"closed","ping_status":"closed","template":"","meta":[],"_links":{"self":[{"href":"https:\/\/salafilmes.com\/index.php\/wp-json\/wp\/v2\/pages\/622"}],"collection":[{"href":"https:\/\/salafilmes.com\/index.php\/wp-json\/wp\/v2\/pages"}],"about":[{"href":"https:\/\/salafilmes.com\/index.php\/wp-json\/wp\/v2\/types\/page"}],"author":[{"embeddable":true,"href":"https:\/\/salafilmes.com\/index.php\/wp-json\/wp\/v2\/users\/1"}],"replies":[{"embeddable":true,"href":"https:\/\/salafilmes.com\/index.php\/wp-json\/wp\/v2\/comments?post=622"}],"version-history":[{"count":6,"href":"https:\/\/salafilmes.com\/index.php\/wp-json\/wp\/v2\/pages\/622\/revisions"}],"predecessor-version":[{"id":645,"href":"https:\/\/salafilmes.com\/index.php\/wp-json\/wp\/v2\/pages\/622\/revisions\/645"}],"wp:attachment":[{"href":"https:\/\/salafilmes.com\/index.php\/wp-json\/wp\/v2\/media?parent=622"}],"curies":[{"name":"wp","href":"https:\/\/api.w.org\/{rel}","templated":true}]}}