{"id":612,"date":"2022-12-06T15:35:14","date_gmt":"2022-12-06T18:35:14","guid":{"rendered":"https:\/\/salafilmes.com\/?page_id=612"},"modified":"2022-12-06T15:38:57","modified_gmt":"2022-12-06T18:38:57","slug":"de-volta-ao-jogo","status":"publish","type":"page","link":"https:\/\/salafilmes.com\/index.php\/de-volta-ao-jogo\/","title":{"rendered":"De Volta ao Jogo"},"content":{"rendered":"\t\t<div data-elementor-type=\"wp-page\" data-elementor-id=\"612\" class=\"elementor elementor-612\" data-elementor-settings=\"[]\">\n\t\t\t\t\t\t<div class=\"elementor-inner\">\n\t\t\t\t\t\t\t<div class=\"elementor-section-wrap\">\n\t\t\t\t\t\t\t<section class=\"elementor-section elementor-top-section elementor-element elementor-element-11bfeac elementor-section-boxed elementor-section-height-default elementor-section-height-default\" data-id=\"11bfeac\" data-element_type=\"section\">\n\t\t\t\t\t\t<div class=\"elementor-container elementor-column-gap-default\">\n\t\t\t\t\t\t\t<div class=\"elementor-row\">\n\t\t\t\t\t<div class=\"elementor-column elementor-col-50 elementor-top-column elementor-element elementor-element-51ba98e\" data-id=\"51ba98e\" data-element_type=\"column\">\n\t\t\t<div class=\"elementor-column-wrap elementor-element-populated\">\n\t\t\t\t\t\t\t<div class=\"elementor-widget-wrap\">\n\t\t\t\t\t\t<div class=\"elementor-element elementor-element-7ce71c3 elementor-widget elementor-widget-image\" data-id=\"7ce71c3\" data-element_type=\"widget\" data-widget_type=\"image.default\">\n\t\t\t\t<div class=\"elementor-widget-container\">\n\t\t\t\t\t<div class=\"elementor-image\">\n\t\t\t\t\t\t\t\t\t\t<img width=\"768\" height=\"757\" src=\"https:\/\/salafilmes.com\/wp-content\/uploads\/2022\/12\/De-Volta-Ao-Jogo.png\" class=\"attachment-large size-large\" alt=\"\" loading=\"lazy\" srcset=\"https:\/\/salafilmes.com\/wp-content\/uploads\/2022\/12\/De-Volta-Ao-Jogo.png 768w, https:\/\/salafilmes.com\/wp-content\/uploads\/2022\/12\/De-Volta-Ao-Jogo-300x296.png 300w\" sizes=\"(max-width: 768px) 100vw, 768px\" \/>\t\t\t\t\t\t\t\t\t\t\t<\/div>\n\t\t\t\t<\/div>\n\t\t\t\t<\/div>\n\t\t\t\t\t\t<\/div>\n\t\t\t\t\t<\/div>\n\t\t<\/div>\n\t\t\t\t<div class=\"elementor-column elementor-col-50 elementor-top-column elementor-element elementor-element-3355697\" data-id=\"3355697\" data-element_type=\"column\">\n\t\t\t<div class=\"elementor-column-wrap elementor-element-populated\">\n\t\t\t\t\t\t\t<div class=\"elementor-widget-wrap\">\n\t\t\t\t\t\t<div class=\"elementor-element elementor-element-f5b3aef elementor-widget elementor-widget-text-editor\" data-id=\"f5b3aef\" data-element_type=\"widget\" data-widget_type=\"text-editor.default\">\n\t\t\t\t<div class=\"elementor-widget-container\">\n\t\t\t\t\t<div class=\"elementor-text-editor elementor-clearfix\"><p><span style=\"font-weight: 400;\">Seu Paulo \u00e9 um fan\u00e1tico por futebol, s\u00f3 que vem passando por um momento delicado em seu casamento com Dona Marta, j\u00e1 faz algumas &#8220;partidas&#8221; que n\u00e3o consegue colocar o seu &#8220;jogador&#8221; em campo e no meio de todo essa press\u00e3o que coloca em s\u00ed mesmo resolve ir atr\u00e1s de um estimulante sexual. Essa a\u00e7\u00e3o acarreta uma sequ\u00eancia de situa\u00e7\u00f5es que levam o casal \u00e0 descobertas que nem sempre um \u201cproblema\u201d \u00e9 realmente um problema. <\/span><\/p><p><b>Coprodu\u00e7\u00e3o: <\/b><span style=\"font-weight: 400;\">Converg\u00eancia Produtora, Bact\u00e9ria Filmes e Sala Filmes<\/span><\/p><p><b>Dire\u00e7\u00e3o: <\/b><span style=\"font-weight: 400;\">Freddy Paz e Leonardo Peixoto<\/span><\/p><p><strong>Formato:<\/strong> <span style=\"font-weight: 400;\">Curta-Metragem<\/span><\/p><p><strong>Ano:<\/strong> Previs\u00e3o para 2024<\/p><\/div>\n\t\t\t\t<\/div>\n\t\t\t\t<\/div>\n\t\t\t\t\t\t<\/div>\n\t\t\t\t\t<\/div>\n\t\t<\/div>\n\t\t\t\t\t\t\t\t<\/div>\n\t\t\t\t\t<\/div>\n\t\t<\/section>\n\t\t\t\t\t\t<\/div>\n\t\t\t\t\t\t<\/div>\n\t\t\t\t\t<\/div>\n\t\t","protected":false},"excerpt":{"rendered":"<p>Seu Paulo \u00e9 um fan\u00e1tico por futebol, s\u00f3 que vem passando por um momento delicado em seu casamento com Dona Marta, j\u00e1 faz algumas &#8220;partidas&#8221; que n\u00e3o consegue colocar o seu &#8220;jogador&#8221; em campo e no meio de todo essa press\u00e3o que coloca em s\u00ed mesmo resolve ir atr\u00e1s de um estimulante sexual. Essa a\u00e7\u00e3o [&hellip;]<\/p>\n","protected":false},"author":1,"featured_media":0,"parent":0,"menu_order":0,"comment_status":"closed","ping_status":"closed","template":"","meta":[],"_links":{"self":[{"href":"https:\/\/salafilmes.com\/index.php\/wp-json\/wp\/v2\/pages\/612"}],"collection":[{"href":"https:\/\/salafilmes.com\/index.php\/wp-json\/wp\/v2\/pages"}],"about":[{"href":"https:\/\/salafilmes.com\/index.php\/wp-json\/wp\/v2\/types\/page"}],"author":[{"embeddable":true,"href":"https:\/\/salafilmes.com\/index.php\/wp-json\/wp\/v2\/users\/1"}],"replies":[{"embeddable":true,"href":"https:\/\/salafilmes.com\/index.php\/wp-json\/wp\/v2\/comments?post=612"}],"version-history":[{"count":3,"href":"https:\/\/salafilmes.com\/index.php\/wp-json\/wp\/v2\/pages\/612\/revisions"}],"predecessor-version":[{"id":616,"href":"https:\/\/salafilmes.com\/index.php\/wp-json\/wp\/v2\/pages\/612\/revisions\/616"}],"wp:attachment":[{"href":"https:\/\/salafilmes.com\/index.php\/wp-json\/wp\/v2\/media?parent=612"}],"curies":[{"name":"wp","href":"https:\/\/api.w.org\/{rel}","templated":true}]}}