{"id":607,"date":"2022-12-06T15:20:18","date_gmt":"2022-12-06T18:20:18","guid":{"rendered":"https:\/\/salafilmes.com\/?page_id=607"},"modified":"2022-12-06T15:30:10","modified_gmt":"2022-12-06T18:30:10","slug":"espiral","status":"publish","type":"page","link":"https:\/\/salafilmes.com\/index.php\/espiral\/","title":{"rendered":"Espiral"},"content":{"rendered":"\t\t<div data-elementor-type=\"wp-page\" data-elementor-id=\"607\" class=\"elementor elementor-607\" data-elementor-settings=\"[]\">\n\t\t\t\t\t\t<div class=\"elementor-inner\">\n\t\t\t\t\t\t\t<div class=\"elementor-section-wrap\">\n\t\t\t\t\t\t\t<section class=\"elementor-section elementor-top-section elementor-element elementor-element-11bfeac elementor-section-boxed elementor-section-height-default elementor-section-height-default\" data-id=\"11bfeac\" data-element_type=\"section\">\n\t\t\t\t\t\t<div class=\"elementor-container elementor-column-gap-default\">\n\t\t\t\t\t\t\t<div class=\"elementor-row\">\n\t\t\t\t\t<div class=\"elementor-column elementor-col-50 elementor-top-column elementor-element elementor-element-51ba98e\" data-id=\"51ba98e\" data-element_type=\"column\">\n\t\t\t<div class=\"elementor-column-wrap elementor-element-populated\">\n\t\t\t\t\t\t\t<div class=\"elementor-widget-wrap\">\n\t\t\t\t\t\t<div class=\"elementor-element elementor-element-7ce71c3 elementor-widget elementor-widget-image\" data-id=\"7ce71c3\" data-element_type=\"widget\" data-widget_type=\"image.default\">\n\t\t\t\t<div class=\"elementor-widget-container\">\n\t\t\t\t\t<div class=\"elementor-image\">\n\t\t\t\t\t\t\t\t\t\t<img width=\"768\" height=\"1024\" src=\"https:\/\/salafilmes.com\/wp-content\/uploads\/2022\/12\/03-poster-espiral-2-768x1024.jpg\" class=\"attachment-large size-large\" alt=\"\" loading=\"lazy\" srcset=\"https:\/\/salafilmes.com\/wp-content\/uploads\/2022\/12\/03-poster-espiral-2-768x1024.jpg 768w, https:\/\/salafilmes.com\/wp-content\/uploads\/2022\/12\/03-poster-espiral-2-225x300.jpg 225w, https:\/\/salafilmes.com\/wp-content\/uploads\/2022\/12\/03-poster-espiral-2-1152x1536.jpg 1152w, https:\/\/salafilmes.com\/wp-content\/uploads\/2022\/12\/03-poster-espiral-2-1536x2048.jpg 1536w, https:\/\/salafilmes.com\/wp-content\/uploads\/2022\/12\/03-poster-espiral-2-scaled.jpg 1920w\" sizes=\"(max-width: 768px) 100vw, 768px\" \/>\t\t\t\t\t\t\t\t\t\t\t<\/div>\n\t\t\t\t<\/div>\n\t\t\t\t<\/div>\n\t\t\t\t\t\t<\/div>\n\t\t\t\t\t<\/div>\n\t\t<\/div>\n\t\t\t\t<div class=\"elementor-column elementor-col-50 elementor-top-column elementor-element elementor-element-3355697\" data-id=\"3355697\" data-element_type=\"column\">\n\t\t\t<div class=\"elementor-column-wrap elementor-element-populated\">\n\t\t\t\t\t\t\t<div class=\"elementor-widget-wrap\">\n\t\t\t\t\t\t<div class=\"elementor-element elementor-element-f5b3aef elementor-widget elementor-widget-text-editor\" data-id=\"f5b3aef\" data-element_type=\"widget\" data-widget_type=\"text-editor.default\">\n\t\t\t\t<div class=\"elementor-widget-container\">\n\t\t\t\t\t<div class=\"elementor-text-editor elementor-clearfix\"><p><span style=\"font-weight: 400;\">Espiral \u00e9 um drama que conta a hist\u00f3ria de uma fam\u00edlia Hamburguense envolvida com a ind\u00fastria cal\u00e7adista na cidade, onde a trajet\u00f3ria da fam\u00edlia e de Novo Hamburgo vai se misturando, e tanto a cidade quanto a fam\u00edlia v\u00e3o se renovando a cada ciclo.<\/span><\/p><p><b>Coprodu\u00e7\u00e3o:\u00a0<\/b><span style=\"font-weight: 400;\">Converg\u00eancia Produtora, Bact\u00e9ria Filmes e Sala Filmes\u00a0<\/span><\/p><p><b>Dire\u00e7\u00e3o:\u00a0<\/b><span style=\"font-weight: 400;\">Leonardo Peixoto<\/span><\/p><p><strong>Formato:<\/strong> <span style=\"font-weight: 400;\">Longa Metragem<\/span><\/p><p><strong>Ano:<\/strong> Previs\u00e3o para 2024<\/p><\/div>\n\t\t\t\t<\/div>\n\t\t\t\t<\/div>\n\t\t\t\t\t\t<\/div>\n\t\t\t\t\t<\/div>\n\t\t<\/div>\n\t\t\t\t\t\t\t\t<\/div>\n\t\t\t\t\t<\/div>\n\t\t<\/section>\n\t\t\t\t\t\t<\/div>\n\t\t\t\t\t\t<\/div>\n\t\t\t\t\t<\/div>\n\t\t","protected":false},"excerpt":{"rendered":"<p>Espiral \u00e9 um drama que conta a hist\u00f3ria de uma fam\u00edlia Hamburguense envolvida com a ind\u00fastria cal\u00e7adista na cidade, onde a trajet\u00f3ria da fam\u00edlia e de Novo Hamburgo vai se misturando, e tanto a cidade quanto a fam\u00edlia v\u00e3o se renovando a cada ciclo. Coprodu\u00e7\u00e3o:\u00a0Converg\u00eancia Produtora, Bact\u00e9ria Filmes e Sala Filmes\u00a0 Dire\u00e7\u00e3o:\u00a0Leonardo Peixoto Formato: Longa [&hellip;]<\/p>\n","protected":false},"author":1,"featured_media":0,"parent":0,"menu_order":0,"comment_status":"closed","ping_status":"closed","template":"","meta":[],"_links":{"self":[{"href":"https:\/\/salafilmes.com\/index.php\/wp-json\/wp\/v2\/pages\/607"}],"collection":[{"href":"https:\/\/salafilmes.com\/index.php\/wp-json\/wp\/v2\/pages"}],"about":[{"href":"https:\/\/salafilmes.com\/index.php\/wp-json\/wp\/v2\/types\/page"}],"author":[{"embeddable":true,"href":"https:\/\/salafilmes.com\/index.php\/wp-json\/wp\/v2\/users\/1"}],"replies":[{"embeddable":true,"href":"https:\/\/salafilmes.com\/index.php\/wp-json\/wp\/v2\/comments?post=607"}],"version-history":[{"count":3,"href":"https:\/\/salafilmes.com\/index.php\/wp-json\/wp\/v2\/pages\/607\/revisions"}],"predecessor-version":[{"id":611,"href":"https:\/\/salafilmes.com\/index.php\/wp-json\/wp\/v2\/pages\/607\/revisions\/611"}],"wp:attachment":[{"href":"https:\/\/salafilmes.com\/index.php\/wp-json\/wp\/v2\/media?parent=607"}],"curies":[{"name":"wp","href":"https:\/\/api.w.org\/{rel}","templated":true}]}}