{"id":552,"date":"2022-12-06T14:37:22","date_gmt":"2022-12-06T17:37:22","guid":{"rendered":"https:\/\/salafilmes.com\/?page_id=552"},"modified":"2022-12-06T14:39:33","modified_gmt":"2022-12-06T17:39:33","slug":"flora","status":"publish","type":"page","link":"https:\/\/salafilmes.com\/index.php\/flora\/","title":{"rendered":"Flora"},"content":{"rendered":"\t\t<div data-elementor-type=\"wp-page\" data-elementor-id=\"552\" class=\"elementor elementor-552\" data-elementor-settings=\"[]\">\n\t\t\t\t\t\t<div class=\"elementor-inner\">\n\t\t\t\t\t\t\t<div class=\"elementor-section-wrap\">\n\t\t\t\t\t\t\t<section class=\"elementor-section elementor-top-section elementor-element elementor-element-11bfeac elementor-section-boxed elementor-section-height-default elementor-section-height-default\" data-id=\"11bfeac\" data-element_type=\"section\">\n\t\t\t\t\t\t<div class=\"elementor-container elementor-column-gap-default\">\n\t\t\t\t\t\t\t<div class=\"elementor-row\">\n\t\t\t\t\t<div class=\"elementor-column elementor-col-50 elementor-top-column elementor-element elementor-element-51ba98e\" data-id=\"51ba98e\" data-element_type=\"column\">\n\t\t\t<div class=\"elementor-column-wrap elementor-element-populated\">\n\t\t\t\t\t\t\t<div class=\"elementor-widget-wrap\">\n\t\t\t\t\t\t<div class=\"elementor-element elementor-element-7ce71c3 elementor-widget elementor-widget-image\" data-id=\"7ce71c3\" data-element_type=\"widget\" data-widget_type=\"image.default\">\n\t\t\t\t<div class=\"elementor-widget-container\">\n\t\t\t\t\t<div class=\"elementor-image\">\n\t\t\t\t\t\t\t\t\t\t<img width=\"1024\" height=\"550\" src=\"https:\/\/salafilmes.com\/wp-content\/uploads\/2022\/12\/Flora-1024x550.png\" class=\"attachment-large size-large\" alt=\"\" loading=\"lazy\" srcset=\"https:\/\/salafilmes.com\/wp-content\/uploads\/2022\/12\/Flora-1024x550.png 1024w, https:\/\/salafilmes.com\/wp-content\/uploads\/2022\/12\/Flora-300x161.png 300w, https:\/\/salafilmes.com\/wp-content\/uploads\/2022\/12\/Flora-768x412.png 768w, https:\/\/salafilmes.com\/wp-content\/uploads\/2022\/12\/Flora.png 1362w\" sizes=\"(max-width: 1024px) 100vw, 1024px\" \/>\t\t\t\t\t\t\t\t\t\t\t<\/div>\n\t\t\t\t<\/div>\n\t\t\t\t<\/div>\n\t\t\t\t\t\t<\/div>\n\t\t\t\t\t<\/div>\n\t\t<\/div>\n\t\t\t\t<div class=\"elementor-column elementor-col-50 elementor-top-column elementor-element elementor-element-3355697\" data-id=\"3355697\" data-element_type=\"column\">\n\t\t\t<div class=\"elementor-column-wrap elementor-element-populated\">\n\t\t\t\t\t\t\t<div class=\"elementor-widget-wrap\">\n\t\t\t\t\t\t<div class=\"elementor-element elementor-element-f5b3aef elementor-widget elementor-widget-text-editor\" data-id=\"f5b3aef\" data-element_type=\"widget\" data-widget_type=\"text-editor.default\">\n\t\t\t\t<div class=\"elementor-widget-container\">\n\t\t\t\t\t<div class=\"elementor-text-editor elementor-clearfix\"><p><span style=\"font-weight: 400;\">Flora \u00e9 uma senhora aposentada que vive com suas plantinhas e seu croch\u00ea. Certo manh\u00e3, ela recebe a visita de uma pessoa que h\u00e1 tempos ela n\u00e3o via e ent\u00e3o passa um dia inteiro lembrando de momentos de sua vida. <\/span><\/p><p><b>Produ\u00e7\u00e3o:\u00a0<\/b><span style=\"font-weight: 400;\">Sala Filmes e Bact\u00e9ria Filmes<\/span><span style=\"font-weight: 400;\"><br \/><\/span><\/p><p><b>Coprodu\u00e7\u00e3o:\u00a0<\/b><span style=\"font-weight: 400;\">L\u00e1grima de Crocodilo Filmes e Forno FX<\/span><b><br \/><\/b><\/p><p><b>Dire\u00e7\u00e3o: <\/b><span style=\"font-weight: 400;\">Ana Moura<\/span><\/p><p><strong>Formato:<\/strong> <span style=\"font-weight: 400;\">Curta-Metragem<\/span><\/p><p><strong>Ano:<\/strong> Previs\u00e3o para 2023<\/p><\/div>\n\t\t\t\t<\/div>\n\t\t\t\t<\/div>\n\t\t\t\t\t\t<\/div>\n\t\t\t\t\t<\/div>\n\t\t<\/div>\n\t\t\t\t\t\t\t\t<\/div>\n\t\t\t\t\t<\/div>\n\t\t<\/section>\n\t\t\t\t<section class=\"elementor-section elementor-top-section elementor-element elementor-element-a8e00e0 elementor-section-boxed elementor-section-height-default elementor-section-height-default\" data-id=\"a8e00e0\" data-element_type=\"section\">\n\t\t\t\t\t\t<div class=\"elementor-container elementor-column-gap-default\">\n\t\t\t\t\t\t\t<div class=\"elementor-row\">\n\t\t\t\t\t<div class=\"elementor-column elementor-col-100 elementor-top-column elementor-element elementor-element-20af2aa\" data-id=\"20af2aa\" data-element_type=\"column\">\n\t\t\t<div class=\"elementor-column-wrap elementor-element-populated\">\n\t\t\t\t\t\t\t<div class=\"elementor-widget-wrap\">\n\t\t\t\t\t\t<div class=\"elementor-element elementor-element-2d7ce34 elementor-arrows-position-inside elementor-widget elementor-widget-image-carousel\" data-id=\"2d7ce34\" data-element_type=\"widget\" data-settings=\"{&quot;slides_to_show&quot;:&quot;7&quot;,&quot;slides_to_show_tablet&quot;:&quot;4&quot;,&quot;navigation&quot;:&quot;arrows&quot;,&quot;autoplay&quot;:&quot;yes&quot;,&quot;pause_on_hover&quot;:&quot;yes&quot;,&quot;pause_on_interaction&quot;:&quot;yes&quot;,&quot;autoplay_speed&quot;:5000,&quot;infinite&quot;:&quot;yes&quot;,&quot;speed&quot;:500}\" data-widget_type=\"image-carousel.default\">\n\t\t\t\t<div class=\"elementor-widget-container\">\n\t\t\t\t\t<div class=\"elementor-image-carousel-wrapper swiper-container\" dir=\"ltr\">\n\t\t\t<div class=\"elementor-image-carousel swiper-wrapper\">\n\t\t\t\t<div class=\"swiper-slide\"><a data-elementor-open-lightbox=\"yes\" data-elementor-lightbox-slideshow=\"2d7ce34\" href=\"https:\/\/salafilmes.com\/wp-content\/uploads\/2022\/12\/Captura-de-Tela-2022-09-06-a\u0300s-20.07.50.png\"><figure class=\"swiper-slide-inner\"><img class=\"swiper-slide-image\" src=\"https:\/\/salafilmes.com\/wp-content\/uploads\/2022\/12\/Captura-de-Tela-2022-09-06-a\u0300s-20.07.50-150x150.png\" alt=\"\" \/><\/figure><\/a><\/div><div class=\"swiper-slide\"><a data-elementor-open-lightbox=\"yes\" data-elementor-lightbox-slideshow=\"2d7ce34\" href=\"https:\/\/salafilmes.com\/wp-content\/uploads\/2022\/12\/Copia-de-20220927_085914-scaled.jpg\"><figure class=\"swiper-slide-inner\"><img class=\"swiper-slide-image\" src=\"https:\/\/salafilmes.com\/wp-content\/uploads\/2022\/12\/Copia-de-20220927_085914-150x150.jpg\" alt=\"\" \/><\/figure><\/a><\/div><div class=\"swiper-slide\"><a data-elementor-open-lightbox=\"yes\" data-elementor-lightbox-slideshow=\"2d7ce34\" href=\"https:\/\/salafilmes.com\/wp-content\/uploads\/2022\/12\/Copia-de-20220927_112218-scaled.jpg\"><figure class=\"swiper-slide-inner\"><img class=\"swiper-slide-image\" src=\"https:\/\/salafilmes.com\/wp-content\/uploads\/2022\/12\/Copia-de-20220927_112218-150x150.jpg\" alt=\"\" \/><\/figure><\/a><\/div><div class=\"swiper-slide\"><a data-elementor-open-lightbox=\"yes\" data-elementor-lightbox-slideshow=\"2d7ce34\" href=\"https:\/\/salafilmes.com\/wp-content\/uploads\/2022\/12\/Copia-de-20220928_131713-scaled.jpg\"><figure class=\"swiper-slide-inner\"><img class=\"swiper-slide-image\" src=\"https:\/\/salafilmes.com\/wp-content\/uploads\/2022\/12\/Copia-de-20220928_131713-150x150.jpg\" alt=\"\" \/><\/figure><\/a><\/div><div class=\"swiper-slide\"><a data-elementor-open-lightbox=\"yes\" data-elementor-lightbox-slideshow=\"2d7ce34\" href=\"https:\/\/salafilmes.com\/wp-content\/uploads\/2022\/12\/Copia-de-20220928_140507-scaled.jpg\"><figure class=\"swiper-slide-inner\"><img class=\"swiper-slide-image\" src=\"https:\/\/salafilmes.com\/wp-content\/uploads\/2022\/12\/Copia-de-20220928_140507-150x150.jpg\" alt=\"\" \/><\/figure><\/a><\/div><div class=\"swiper-slide\"><a data-elementor-open-lightbox=\"yes\" data-elementor-lightbox-slideshow=\"2d7ce34\" href=\"https:\/\/salafilmes.com\/wp-content\/uploads\/2022\/12\/Copia-de-20220929_200618-scaled.jpg\"><figure class=\"swiper-slide-inner\"><img class=\"swiper-slide-image\" src=\"https:\/\/salafilmes.com\/wp-content\/uploads\/2022\/12\/Copia-de-20220929_200618-150x150.jpg\" alt=\"\" \/><\/figure><\/a><\/div><div class=\"swiper-slide\"><a data-elementor-open-lightbox=\"yes\" data-elementor-lightbox-slideshow=\"2d7ce34\" href=\"https:\/\/salafilmes.com\/wp-content\/uploads\/2022\/12\/Copia-de-IMG-20220927-WA0027.jpg\"><figure class=\"swiper-slide-inner\"><img class=\"swiper-slide-image\" src=\"https:\/\/salafilmes.com\/wp-content\/uploads\/2022\/12\/Copia-de-IMG-20220927-WA0027-150x150.jpg\" alt=\"\" \/><\/figure><\/a><\/div><div class=\"swiper-slide\"><a data-elementor-open-lightbox=\"yes\" data-elementor-lightbox-slideshow=\"2d7ce34\" href=\"https:\/\/salafilmes.com\/wp-content\/uploads\/2022\/12\/Copia-de-IMG-20220927-WA0029.jpg\"><figure class=\"swiper-slide-inner\"><img class=\"swiper-slide-image\" src=\"https:\/\/salafilmes.com\/wp-content\/uploads\/2022\/12\/Copia-de-IMG-20220927-WA0029-150x150.jpg\" alt=\"\" \/><\/figure><\/a><\/div><div class=\"swiper-slide\"><a data-elementor-open-lightbox=\"yes\" data-elementor-lightbox-slideshow=\"2d7ce34\" href=\"https:\/\/salafilmes.com\/wp-content\/uploads\/2022\/12\/Copia-de-IMG-20220927-WA0036.jpg\"><figure class=\"swiper-slide-inner\"><img class=\"swiper-slide-image\" src=\"https:\/\/salafilmes.com\/wp-content\/uploads\/2022\/12\/Copia-de-IMG-20220927-WA0036-150x150.jpg\" alt=\"\" \/><\/figure><\/a><\/div><div class=\"swiper-slide\"><a data-elementor-open-lightbox=\"yes\" data-elementor-lightbox-slideshow=\"2d7ce34\" href=\"https:\/\/salafilmes.com\/wp-content\/uploads\/2022\/12\/Copia-de-IMG-20220927-WA0042.jpg\"><figure class=\"swiper-slide-inner\"><img class=\"swiper-slide-image\" src=\"https:\/\/salafilmes.com\/wp-content\/uploads\/2022\/12\/Copia-de-IMG-20220927-WA0042-150x150.jpg\" alt=\"\" \/><\/figure><\/a><\/div><div class=\"swiper-slide\"><a data-elementor-open-lightbox=\"yes\" data-elementor-lightbox-slideshow=\"2d7ce34\" href=\"https:\/\/salafilmes.com\/wp-content\/uploads\/2022\/12\/Copia-de-IMG-20220927-WA0061.jpg\"><figure class=\"swiper-slide-inner\"><img class=\"swiper-slide-image\" src=\"https:\/\/salafilmes.com\/wp-content\/uploads\/2022\/12\/Copia-de-IMG-20220927-WA0061-150x150.jpg\" alt=\"\" \/><\/figure><\/a><\/div><div class=\"swiper-slide\"><a data-elementor-open-lightbox=\"yes\" data-elementor-lightbox-slideshow=\"2d7ce34\" href=\"https:\/\/salafilmes.com\/wp-content\/uploads\/2022\/12\/Copia-de-IMG-20220929-WA0011.jpg\"><figure class=\"swiper-slide-inner\"><img class=\"swiper-slide-image\" src=\"https:\/\/salafilmes.com\/wp-content\/uploads\/2022\/12\/Copia-de-IMG-20220929-WA0011-150x150.jpg\" alt=\"\" \/><\/figure><\/a><\/div><div class=\"swiper-slide\"><a data-elementor-open-lightbox=\"yes\" data-elementor-lightbox-slideshow=\"2d7ce34\" href=\"https:\/\/salafilmes.com\/wp-content\/uploads\/2022\/12\/Copia-de-IMG-20220929-WA0028.jpg\"><figure class=\"swiper-slide-inner\"><img class=\"swiper-slide-image\" src=\"https:\/\/salafilmes.com\/wp-content\/uploads\/2022\/12\/Copia-de-IMG-20220929-WA0028-150x150.jpg\" alt=\"\" \/><\/figure><\/a><\/div><div class=\"swiper-slide\"><a data-elementor-open-lightbox=\"yes\" data-elementor-lightbox-slideshow=\"2d7ce34\" href=\"https:\/\/salafilmes.com\/wp-content\/uploads\/2022\/12\/Copia-de-IMG-20220929-WA0030.jpg\"><figure class=\"swiper-slide-inner\"><img class=\"swiper-slide-image\" src=\"https:\/\/salafilmes.com\/wp-content\/uploads\/2022\/12\/Copia-de-IMG-20220929-WA0030-150x150.jpg\" alt=\"\" \/><\/figure><\/a><\/div><div class=\"swiper-slide\"><a data-elementor-open-lightbox=\"yes\" data-elementor-lightbox-slideshow=\"2d7ce34\" href=\"https:\/\/salafilmes.com\/wp-content\/uploads\/2022\/12\/Copia-de-IMG-20220929-WA0037.jpg\"><figure class=\"swiper-slide-inner\"><img class=\"swiper-slide-image\" src=\"https:\/\/salafilmes.com\/wp-content\/uploads\/2022\/12\/Copia-de-IMG-20220929-WA0037-150x150.jpg\" alt=\"\" \/><\/figure><\/a><\/div><div class=\"swiper-slide\"><a data-elementor-open-lightbox=\"yes\" data-elementor-lightbox-slideshow=\"2d7ce34\" href=\"https:\/\/salafilmes.com\/wp-content\/uploads\/2022\/12\/Copia-de-IMG-20220929-WA0038.jpg\"><figure class=\"swiper-slide-inner\"><img class=\"swiper-slide-image\" src=\"https:\/\/salafilmes.com\/wp-content\/uploads\/2022\/12\/Copia-de-IMG-20220929-WA0038-150x150.jpg\" alt=\"\" \/><\/figure><\/a><\/div><div class=\"swiper-slide\"><a data-elementor-open-lightbox=\"yes\" data-elementor-lightbox-slideshow=\"2d7ce34\" href=\"https:\/\/salafilmes.com\/wp-content\/uploads\/2022\/12\/Copia-de-IMG-20220929-WA0040.jpg\"><figure class=\"swiper-slide-inner\"><img class=\"swiper-slide-image\" src=\"https:\/\/salafilmes.com\/wp-content\/uploads\/2022\/12\/Copia-de-IMG-20220929-WA0040-150x150.jpg\" alt=\"\" \/><\/figure><\/a><\/div><div class=\"swiper-slide\"><a data-elementor-open-lightbox=\"yes\" data-elementor-lightbox-slideshow=\"2d7ce34\" href=\"https:\/\/salafilmes.com\/wp-content\/uploads\/2022\/12\/Flora-1.png\"><figure class=\"swiper-slide-inner\"><img class=\"swiper-slide-image\" src=\"https:\/\/salafilmes.com\/wp-content\/uploads\/2022\/12\/Flora-1-150x150.png\" alt=\"\" \/><\/figure><\/a><\/div><div class=\"swiper-slide\"><a data-elementor-open-lightbox=\"yes\" data-elementor-lightbox-slideshow=\"2d7ce34\" href=\"https:\/\/salafilmes.com\/wp-content\/uploads\/2022\/12\/IMG-20220929-WA0044.jpg\"><figure class=\"swiper-slide-inner\"><img class=\"swiper-slide-image\" src=\"https:\/\/salafilmes.com\/wp-content\/uploads\/2022\/12\/IMG-20220929-WA0044-150x150.jpg\" alt=\"\" \/><\/figure><\/a><\/div>\t\t\t<\/div>\n\t\t\t\t\t\t\t\t\t\t\t\t\t\t\t\t<div class=\"elementor-swiper-button elementor-swiper-button-prev\">\n\t\t\t\t\t\t<i class=\"eicon-chevron-left\" aria-hidden=\"true\"><\/i>\n\t\t\t\t\t\t<span class=\"elementor-screen-only\">Previous<\/span>\n\t\t\t\t\t<\/div>\n\t\t\t\t\t<div class=\"elementor-swiper-button elementor-swiper-button-next\">\n\t\t\t\t\t\t<i class=\"eicon-chevron-right\" aria-hidden=\"true\"><\/i>\n\t\t\t\t\t\t<span class=\"elementor-screen-only\">Next<\/span>\n\t\t\t\t\t<\/div>\n\t\t\t\t\t\t\t\t\t<\/div>\n\t\t\t\t<\/div>\n\t\t\t\t<\/div>\n\t\t\t\t\t\t<\/div>\n\t\t\t\t\t<\/div>\n\t\t<\/div>\n\t\t\t\t\t\t\t\t<\/div>\n\t\t\t\t\t<\/div>\n\t\t<\/section>\n\t\t\t\t\t\t<\/div>\n\t\t\t\t\t\t<\/div>\n\t\t\t\t\t<\/div>\n\t\t","protected":false},"excerpt":{"rendered":"<p>Flora \u00e9 uma senhora aposentada que vive com suas plantinhas e seu croch\u00ea. Certo manh\u00e3, ela recebe a visita de uma pessoa que h\u00e1 tempos ela n\u00e3o via e ent\u00e3o passa um dia inteiro lembrando de momentos de sua vida. Produ\u00e7\u00e3o:\u00a0Sala Filmes e Bact\u00e9ria Filmes Coprodu\u00e7\u00e3o:\u00a0L\u00e1grima de Crocodilo Filmes e Forno FX Dire\u00e7\u00e3o: Ana Moura [&hellip;]<\/p>\n","protected":false},"author":1,"featured_media":0,"parent":0,"menu_order":0,"comment_status":"closed","ping_status":"closed","template":"","meta":[],"_links":{"self":[{"href":"https:\/\/salafilmes.com\/index.php\/wp-json\/wp\/v2\/pages\/552"}],"collection":[{"href":"https:\/\/salafilmes.com\/index.php\/wp-json\/wp\/v2\/pages"}],"about":[{"href":"https:\/\/salafilmes.com\/index.php\/wp-json\/wp\/v2\/types\/page"}],"author":[{"embeddable":true,"href":"https:\/\/salafilmes.com\/index.php\/wp-json\/wp\/v2\/users\/1"}],"replies":[{"embeddable":true,"href":"https:\/\/salafilmes.com\/index.php\/wp-json\/wp\/v2\/comments?post=552"}],"version-history":[{"count":3,"href":"https:\/\/salafilmes.com\/index.php\/wp-json\/wp\/v2\/pages\/552\/revisions"}],"predecessor-version":[{"id":575,"href":"https:\/\/salafilmes.com\/index.php\/wp-json\/wp\/v2\/pages\/552\/revisions\/575"}],"wp:attachment":[{"href":"https:\/\/salafilmes.com\/index.php\/wp-json\/wp\/v2\/media?parent=552"}],"curies":[{"name":"wp","href":"https:\/\/api.w.org\/{rel}","templated":true}]}}