{"id":480,"date":"2022-12-04T22:40:48","date_gmt":"2022-12-05T01:40:48","guid":{"rendered":"https:\/\/salafilmes.com\/?page_id=480"},"modified":"2022-12-06T14:05:51","modified_gmt":"2022-12-06T17:05:51","slug":"sobre-filmes-ruins","status":"publish","type":"page","link":"https:\/\/salafilmes.com\/index.php\/sobre-filmes-ruins\/","title":{"rendered":"Sobre Filmes Ruins"},"content":{"rendered":"\t\t<div data-elementor-type=\"wp-page\" data-elementor-id=\"480\" class=\"elementor elementor-480\" data-elementor-settings=\"[]\">\n\t\t\t\t\t\t<div class=\"elementor-inner\">\n\t\t\t\t\t\t\t<div class=\"elementor-section-wrap\">\n\t\t\t\t\t\t\t<section class=\"elementor-section elementor-top-section elementor-element elementor-element-11bfeac elementor-section-boxed elementor-section-height-default elementor-section-height-default\" data-id=\"11bfeac\" data-element_type=\"section\">\n\t\t\t\t\t\t<div class=\"elementor-container elementor-column-gap-default\">\n\t\t\t\t\t\t\t<div class=\"elementor-row\">\n\t\t\t\t\t<div class=\"elementor-column elementor-col-50 elementor-top-column elementor-element elementor-element-51ba98e\" data-id=\"51ba98e\" data-element_type=\"column\">\n\t\t\t<div class=\"elementor-column-wrap elementor-element-populated\">\n\t\t\t\t\t\t\t<div class=\"elementor-widget-wrap\">\n\t\t\t\t\t\t<div class=\"elementor-element elementor-element-7ce71c3 elementor-widget elementor-widget-image\" data-id=\"7ce71c3\" data-element_type=\"widget\" data-widget_type=\"image.default\">\n\t\t\t\t<div class=\"elementor-widget-container\">\n\t\t\t\t\t<div class=\"elementor-image\">\n\t\t\t\t\t\t\t\t\t\t<img width=\"1021\" height=\"1024\" src=\"https:\/\/salafilmes.com\/wp-content\/uploads\/2020\/10\/ARN9579-scaled-e1603478935960-1021x1024.jpg\" class=\"attachment-large size-large\" alt=\"\" loading=\"lazy\" srcset=\"https:\/\/salafilmes.com\/wp-content\/uploads\/2020\/10\/ARN9579-scaled-e1603478935960-1021x1024.jpg 1021w, https:\/\/salafilmes.com\/wp-content\/uploads\/2020\/10\/ARN9579-scaled-e1603478935960-300x300.jpg 300w, https:\/\/salafilmes.com\/wp-content\/uploads\/2020\/10\/ARN9579-scaled-e1603478935960-150x150.jpg 150w, https:\/\/salafilmes.com\/wp-content\/uploads\/2020\/10\/ARN9579-scaled-e1603478935960-768x770.jpg 768w, https:\/\/salafilmes.com\/wp-content\/uploads\/2020\/10\/ARN9579-scaled-e1603478935960.jpg 1327w\" sizes=\"(max-width: 1021px) 100vw, 1021px\" \/>\t\t\t\t\t\t\t\t\t\t\t<\/div>\n\t\t\t\t<\/div>\n\t\t\t\t<\/div>\n\t\t\t\t\t\t<\/div>\n\t\t\t\t\t<\/div>\n\t\t<\/div>\n\t\t\t\t<div class=\"elementor-column elementor-col-50 elementor-top-column elementor-element elementor-element-3355697\" data-id=\"3355697\" data-element_type=\"column\">\n\t\t\t<div class=\"elementor-column-wrap elementor-element-populated\">\n\t\t\t\t\t\t\t<div class=\"elementor-widget-wrap\">\n\t\t\t\t\t\t<div class=\"elementor-element elementor-element-f5b3aef elementor-widget elementor-widget-text-editor\" data-id=\"f5b3aef\" data-element_type=\"widget\" data-widget_type=\"text-editor.default\">\n\t\t\t\t<div class=\"elementor-widget-container\">\n\t\t\t\t\t<div class=\"elementor-text-editor elementor-clearfix\"><p>O canal que fala&#8230; Sobre Filmes Ruins!<\/p><p><b>Produ\u00e7\u00e3o: <\/b><span style=\"font-weight: 400;\">Sala Filmes<\/span><\/p><p><b>Dire\u00e7\u00e3o: <\/b><span style=\"font-weight: 400;\">Freddy Paz<\/span><\/p><p><strong>Formato:<\/strong> <span style=\"font-weight: 400;\">Canal de YouTube<\/span><\/p><p><strong>Ano:<\/strong> 2021<\/p><p><strong><a href=\"https:\/\/www.youtube.com\/@sobrefilmesruins8930\">CONHE\u00c7A O CANAL<\/a><\/strong><\/p><\/div>\n\t\t\t\t<\/div>\n\t\t\t\t<\/div>\n\t\t\t\t\t\t<\/div>\n\t\t\t\t\t<\/div>\n\t\t<\/div>\n\t\t\t\t\t\t\t\t<\/div>\n\t\t\t\t\t<\/div>\n\t\t<\/section>\n\t\t\t\t<section class=\"elementor-section elementor-top-section elementor-element elementor-element-a8e00e0 elementor-section-boxed elementor-section-height-default elementor-section-height-default\" data-id=\"a8e00e0\" data-element_type=\"section\">\n\t\t\t\t\t\t<div class=\"elementor-container elementor-column-gap-default\">\n\t\t\t\t\t\t\t<div class=\"elementor-row\">\n\t\t\t\t\t<div class=\"elementor-column elementor-col-100 elementor-top-column elementor-element elementor-element-20af2aa\" data-id=\"20af2aa\" data-element_type=\"column\">\n\t\t\t<div class=\"elementor-column-wrap elementor-element-populated\">\n\t\t\t\t\t\t\t<div class=\"elementor-widget-wrap\">\n\t\t\t\t\t\t<div class=\"elementor-element elementor-element-2d7ce34 elementor-arrows-position-inside elementor-widget elementor-widget-image-carousel\" data-id=\"2d7ce34\" data-element_type=\"widget\" data-settings=\"{&quot;slides_to_show&quot;:&quot;7&quot;,&quot;slides_to_show_tablet&quot;:&quot;4&quot;,&quot;navigation&quot;:&quot;arrows&quot;,&quot;autoplay&quot;:&quot;yes&quot;,&quot;pause_on_hover&quot;:&quot;yes&quot;,&quot;pause_on_interaction&quot;:&quot;yes&quot;,&quot;autoplay_speed&quot;:5000,&quot;infinite&quot;:&quot;yes&quot;,&quot;speed&quot;:500}\" data-widget_type=\"image-carousel.default\">\n\t\t\t\t<div class=\"elementor-widget-container\">\n\t\t\t\t\t<div class=\"elementor-image-carousel-wrapper swiper-container\" dir=\"ltr\">\n\t\t\t<div class=\"elementor-image-carousel swiper-wrapper\">\n\t\t\t\t<div class=\"swiper-slide\"><a data-elementor-open-lightbox=\"yes\" data-elementor-lightbox-slideshow=\"2d7ce34\" href=\"https:\/\/salafilmes.com\/wp-content\/uploads\/2022\/12\/20210110_202304-scaled.jpg\"><figure class=\"swiper-slide-inner\"><img class=\"swiper-slide-image\" src=\"https:\/\/salafilmes.com\/wp-content\/uploads\/2022\/12\/20210110_202304-150x150.jpg\" alt=\"\" \/><\/figure><\/a><\/div><div class=\"swiper-slide\"><a data-elementor-open-lightbox=\"yes\" data-elementor-lightbox-slideshow=\"2d7ce34\" href=\"https:\/\/salafilmes.com\/wp-content\/uploads\/2022\/12\/IMG_20201011_155457443-scaled.jpg\"><figure class=\"swiper-slide-inner\"><img class=\"swiper-slide-image\" src=\"https:\/\/salafilmes.com\/wp-content\/uploads\/2022\/12\/IMG_20201011_155457443-150x150.jpg\" alt=\"\" \/><\/figure><\/a><\/div><div class=\"swiper-slide\"><a data-elementor-open-lightbox=\"yes\" data-elementor-lightbox-slideshow=\"2d7ce34\" href=\"https:\/\/salafilmes.com\/wp-content\/uploads\/2022\/12\/20210117_205720-scaled.jpg\"><figure class=\"swiper-slide-inner\"><img class=\"swiper-slide-image\" src=\"https:\/\/salafilmes.com\/wp-content\/uploads\/2022\/12\/20210117_205720-150x150.jpg\" alt=\"\" \/><\/figure><\/a><\/div><div class=\"swiper-slide\"><a data-elementor-open-lightbox=\"yes\" data-elementor-lightbox-slideshow=\"2d7ce34\" href=\"https:\/\/salafilmes.com\/wp-content\/uploads\/2022\/12\/IMG_20201206_205457639-scaled.jpg\"><figure class=\"swiper-slide-inner\"><img class=\"swiper-slide-image\" src=\"https:\/\/salafilmes.com\/wp-content\/uploads\/2022\/12\/IMG_20201206_205457639-150x150.jpg\" alt=\"\" \/><\/figure><\/a><\/div><div class=\"swiper-slide\"><a data-elementor-open-lightbox=\"yes\" data-elementor-lightbox-slideshow=\"2d7ce34\" href=\"https:\/\/salafilmes.com\/wp-content\/uploads\/2022\/12\/20210228_195026-scaled.jpg\"><figure class=\"swiper-slide-inner\"><img class=\"swiper-slide-image\" src=\"https:\/\/salafilmes.com\/wp-content\/uploads\/2022\/12\/20210228_195026-150x150.jpg\" alt=\"\" \/><\/figure><\/a><\/div><div class=\"swiper-slide\"><a data-elementor-open-lightbox=\"yes\" data-elementor-lightbox-slideshow=\"2d7ce34\" href=\"https:\/\/salafilmes.com\/wp-content\/uploads\/2022\/12\/20210520_220751-scaled.jpg\"><figure class=\"swiper-slide-inner\"><img class=\"swiper-slide-image\" src=\"https:\/\/salafilmes.com\/wp-content\/uploads\/2022\/12\/20210520_220751-150x150.jpg\" alt=\"\" \/><\/figure><\/a><\/div><div class=\"swiper-slide\"><a data-elementor-open-lightbox=\"yes\" data-elementor-lightbox-slideshow=\"2d7ce34\" href=\"https:\/\/salafilmes.com\/wp-content\/uploads\/2022\/12\/IMG_20201206_205611557-scaled.jpg\"><figure class=\"swiper-slide-inner\"><img class=\"swiper-slide-image\" src=\"https:\/\/salafilmes.com\/wp-content\/uploads\/2022\/12\/IMG_20201206_205611557-150x150.jpg\" alt=\"\" \/><\/figure><\/a><\/div>\t\t\t<\/div>\n\t\t\t\t\t\t\t\t\t\t\t\t\t\t\t\t<div class=\"elementor-swiper-button elementor-swiper-button-prev\">\n\t\t\t\t\t\t<i class=\"eicon-chevron-left\" aria-hidden=\"true\"><\/i>\n\t\t\t\t\t\t<span class=\"elementor-screen-only\">Previous<\/span>\n\t\t\t\t\t<\/div>\n\t\t\t\t\t<div class=\"elementor-swiper-button elementor-swiper-button-next\">\n\t\t\t\t\t\t<i class=\"eicon-chevron-right\" aria-hidden=\"true\"><\/i>\n\t\t\t\t\t\t<span class=\"elementor-screen-only\">Next<\/span>\n\t\t\t\t\t<\/div>\n\t\t\t\t\t\t\t\t\t<\/div>\n\t\t\t\t<\/div>\n\t\t\t\t<\/div>\n\t\t\t\t\t\t<\/div>\n\t\t\t\t\t<\/div>\n\t\t<\/div>\n\t\t\t\t\t\t\t\t<\/div>\n\t\t\t\t\t<\/div>\n\t\t<\/section>\n\t\t\t\t<section class=\"elementor-section elementor-top-section elementor-element elementor-element-00de71a elementor-section-boxed elementor-section-height-default elementor-section-height-default\" data-id=\"00de71a\" data-element_type=\"section\">\n\t\t\t\t\t\t<div class=\"elementor-container elementor-column-gap-default\">\n\t\t\t\t\t\t\t<div class=\"elementor-row\">\n\t\t\t\t\t<div class=\"elementor-column elementor-col-100 elementor-top-column elementor-element elementor-element-b2ed396\" data-id=\"b2ed396\" data-element_type=\"column\">\n\t\t\t<div class=\"elementor-column-wrap elementor-element-populated\">\n\t\t\t\t\t\t\t<div class=\"elementor-widget-wrap\">\n\t\t\t\t\t\t<div class=\"elementor-element elementor-element-27d1cb2 elementor-aspect-ratio-169 elementor-widget elementor-widget-video\" data-id=\"27d1cb2\" data-element_type=\"widget\" data-settings=\"{&quot;aspect_ratio&quot;:&quot;169&quot;}\" data-widget_type=\"video.default\">\n\t\t\t\t<div class=\"elementor-widget-container\">\n\t\t\t\t\t<div class=\"elementor-wrapper elementor-fit-aspect-ratio elementor-open-inline\">\n\t\t\t<iframe class=\"elementor-video-iframe\" allowfullscreen title=\"youtube Video Player\" src=\"https:\/\/www.youtube.com\/embed\/bigwrFmFS38?feature=oembed&amp;start&amp;end&amp;wmode=opaque&amp;loop=0&amp;controls=0&amp;mute=0&amp;rel=0&amp;modestbranding=0\"><\/iframe>\t\t<\/div>\n\t\t\t\t<\/div>\n\t\t\t\t<\/div>\n\t\t\t\t\t\t<\/div>\n\t\t\t\t\t<\/div>\n\t\t<\/div>\n\t\t\t\t\t\t\t\t<\/div>\n\t\t\t\t\t<\/div>\n\t\t<\/section>\n\t\t\t\t\t\t<\/div>\n\t\t\t\t\t\t<\/div>\n\t\t\t\t\t<\/div>\n\t\t","protected":false},"excerpt":{"rendered":"<p>O canal que fala&#8230; Sobre Filmes Ruins! Produ\u00e7\u00e3o: Sala Filmes Dire\u00e7\u00e3o: Freddy Paz Formato: Canal de YouTube Ano: 2021 CONHE\u00c7A O CANAL Previous Next<\/p>\n","protected":false},"author":1,"featured_media":0,"parent":0,"menu_order":0,"comment_status":"closed","ping_status":"closed","template":"","meta":[],"_links":{"self":[{"href":"https:\/\/salafilmes.com\/index.php\/wp-json\/wp\/v2\/pages\/480"}],"collection":[{"href":"https:\/\/salafilmes.com\/index.php\/wp-json\/wp\/v2\/pages"}],"about":[{"href":"https:\/\/salafilmes.com\/index.php\/wp-json\/wp\/v2\/types\/page"}],"author":[{"embeddable":true,"href":"https:\/\/salafilmes.com\/index.php\/wp-json\/wp\/v2\/users\/1"}],"replies":[{"embeddable":true,"href":"https:\/\/salafilmes.com\/index.php\/wp-json\/wp\/v2\/comments?post=480"}],"version-history":[{"count":7,"href":"https:\/\/salafilmes.com\/index.php\/wp-json\/wp\/v2\/pages\/480\/revisions"}],"predecessor-version":[{"id":549,"href":"https:\/\/salafilmes.com\/index.php\/wp-json\/wp\/v2\/pages\/480\/revisions\/549"}],"wp:attachment":[{"href":"https:\/\/salafilmes.com\/index.php\/wp-json\/wp\/v2\/media?parent=480"}],"curies":[{"name":"wp","href":"https:\/\/api.w.org\/{rel}","templated":true}]}}