{"id":419,"date":"2022-12-04T21:13:46","date_gmt":"2022-12-05T00:13:46","guid":{"rendered":"https:\/\/salafilmes.com\/?page_id=419"},"modified":"2022-12-06T13:47:02","modified_gmt":"2022-12-06T16:47:02","slug":"fulgor","status":"publish","type":"page","link":"https:\/\/salafilmes.com\/index.php\/fulgor\/","title":{"rendered":"Fulgor"},"content":{"rendered":"\t\t<div data-elementor-type=\"wp-page\" data-elementor-id=\"419\" class=\"elementor elementor-419\" data-elementor-settings=\"[]\">\n\t\t\t\t\t\t<div class=\"elementor-inner\">\n\t\t\t\t\t\t\t<div class=\"elementor-section-wrap\">\n\t\t\t\t\t\t\t<section class=\"elementor-section elementor-top-section elementor-element elementor-element-11bfeac elementor-section-boxed elementor-section-height-default elementor-section-height-default\" data-id=\"11bfeac\" data-element_type=\"section\">\n\t\t\t\t\t\t<div class=\"elementor-container elementor-column-gap-default\">\n\t\t\t\t\t\t\t<div class=\"elementor-row\">\n\t\t\t\t\t<div class=\"elementor-column elementor-col-50 elementor-top-column elementor-element elementor-element-51ba98e\" data-id=\"51ba98e\" data-element_type=\"column\">\n\t\t\t<div class=\"elementor-column-wrap elementor-element-populated\">\n\t\t\t\t\t\t\t<div class=\"elementor-widget-wrap\">\n\t\t\t\t\t\t<div class=\"elementor-element elementor-element-7ce71c3 elementor-widget elementor-widget-image\" data-id=\"7ce71c3\" data-element_type=\"widget\" data-widget_type=\"image.default\">\n\t\t\t\t<div class=\"elementor-widget-container\">\n\t\t\t\t\t<div class=\"elementor-image\">\n\t\t\t\t\t\t\t\t\t\t<img width=\"960\" height=\"960\" src=\"https:\/\/salafilmes.com\/wp-content\/uploads\/2020\/04\/71763436_127702675290105_3345513824022167552_o.jpg\" class=\"attachment-large size-large\" alt=\"\" loading=\"lazy\" srcset=\"https:\/\/salafilmes.com\/wp-content\/uploads\/2020\/04\/71763436_127702675290105_3345513824022167552_o.jpg 960w, https:\/\/salafilmes.com\/wp-content\/uploads\/2020\/04\/71763436_127702675290105_3345513824022167552_o-300x300.jpg 300w, https:\/\/salafilmes.com\/wp-content\/uploads\/2020\/04\/71763436_127702675290105_3345513824022167552_o-150x150.jpg 150w, https:\/\/salafilmes.com\/wp-content\/uploads\/2020\/04\/71763436_127702675290105_3345513824022167552_o-768x768.jpg 768w\" sizes=\"(max-width: 960px) 100vw, 960px\" \/>\t\t\t\t\t\t\t\t\t\t\t<\/div>\n\t\t\t\t<\/div>\n\t\t\t\t<\/div>\n\t\t\t\t\t\t<\/div>\n\t\t\t\t\t<\/div>\n\t\t<\/div>\n\t\t\t\t<div class=\"elementor-column elementor-col-50 elementor-top-column elementor-element elementor-element-3355697\" data-id=\"3355697\" data-element_type=\"column\">\n\t\t\t<div class=\"elementor-column-wrap elementor-element-populated\">\n\t\t\t\t\t\t\t<div class=\"elementor-widget-wrap\">\n\t\t\t\t\t\t<div class=\"elementor-element elementor-element-f5b3aef elementor-widget elementor-widget-text-editor\" data-id=\"f5b3aef\" data-element_type=\"widget\" data-widget_type=\"text-editor.default\">\n\t\t\t\t<div class=\"elementor-widget-container\">\n\t\t\t\t\t<div class=\"elementor-text-editor elementor-clearfix\"><p><span style=\"font-weight: 400;\">Joana, Victor, Francisca e Jean, jovens habitantes de uma metr\u00f3pole provinciana, assolados pela falta de perspectiva de sua gera\u00e7\u00e3o, decidem buscar novas oportunidades. Percorrendo uma estrada para o passado, atravessam o interior do estado, rumo \u00e0 fronteira! A jornada sai dos eixos quando se deparam com a intoler\u00e2ncia, preconceito e discrimina\u00e7\u00e3o que as ra\u00edzes tradicionalistas, de uma cidadezinha em seu caminho, implicam.<\/span><\/p><p><b>Produ\u00e7\u00e3o: <\/b><span style=\"font-weight: 400;\">Primeiro Corte Filmes<\/span><\/p><p><b>Coprodu\u00e7\u00e3o: <\/b><span style=\"font-weight: 400;\">L\u00e1grima de Crocodilo Filmes\u00a0<\/span><\/p><p><b>Produ\u00e7\u00e3o Associada: <\/b><span style=\"font-weight: 400;\">Sala Filmes e <\/span><span style=\"font-weight: 400;\">8-80 Filmes<\/span><\/p><p><b>Dire\u00e7\u00e3o: <\/b><span style=\"font-weight: 400;\">Carlota Ara\u00fajo<\/span><\/p><p><strong>Formato:<\/strong> <span style=\"font-weight: 400;\">Curta-Metragem <\/span><\/p><p><strong>Ano:<\/strong> 2023<\/p><\/div>\n\t\t\t\t<\/div>\n\t\t\t\t<\/div>\n\t\t\t\t\t\t<\/div>\n\t\t\t\t\t<\/div>\n\t\t<\/div>\n\t\t\t\t\t\t\t\t<\/div>\n\t\t\t\t\t<\/div>\n\t\t<\/section>\n\t\t\t\t<section class=\"elementor-section elementor-top-section elementor-element elementor-element-a8e00e0 elementor-section-boxed elementor-section-height-default elementor-section-height-default\" data-id=\"a8e00e0\" data-element_type=\"section\">\n\t\t\t\t\t\t<div class=\"elementor-container elementor-column-gap-default\">\n\t\t\t\t\t\t\t<div class=\"elementor-row\">\n\t\t\t\t\t<div class=\"elementor-column elementor-col-100 elementor-top-column elementor-element elementor-element-20af2aa\" data-id=\"20af2aa\" data-element_type=\"column\">\n\t\t\t<div class=\"elementor-column-wrap elementor-element-populated\">\n\t\t\t\t\t\t\t<div class=\"elementor-widget-wrap\">\n\t\t\t\t\t\t<div class=\"elementor-element elementor-element-2d7ce34 elementor-arrows-position-inside elementor-widget elementor-widget-image-carousel\" data-id=\"2d7ce34\" data-element_type=\"widget\" data-settings=\"{&quot;slides_to_show&quot;:&quot;7&quot;,&quot;slides_to_show_tablet&quot;:&quot;4&quot;,&quot;navigation&quot;:&quot;arrows&quot;,&quot;autoplay&quot;:&quot;yes&quot;,&quot;pause_on_hover&quot;:&quot;yes&quot;,&quot;pause_on_interaction&quot;:&quot;yes&quot;,&quot;autoplay_speed&quot;:5000,&quot;infinite&quot;:&quot;yes&quot;,&quot;speed&quot;:500}\" data-widget_type=\"image-carousel.default\">\n\t\t\t\t<div class=\"elementor-widget-container\">\n\t\t\t\t\t<div class=\"elementor-image-carousel-wrapper swiper-container\" dir=\"ltr\">\n\t\t\t<div class=\"elementor-image-carousel swiper-wrapper\">\n\t\t\t\t<div class=\"swiper-slide\"><a data-elementor-open-lightbox=\"yes\" data-elementor-lightbox-slideshow=\"2d7ce34\" href=\"https:\/\/salafilmes.com\/wp-content\/uploads\/2022\/12\/fulgor-02.jpg\"><figure class=\"swiper-slide-inner\"><img class=\"swiper-slide-image\" src=\"https:\/\/salafilmes.com\/wp-content\/uploads\/2022\/12\/fulgor-02-150x150.jpg\" alt=\"\" \/><\/figure><\/a><\/div><div class=\"swiper-slide\"><a data-elementor-open-lightbox=\"yes\" data-elementor-lightbox-slideshow=\"2d7ce34\" href=\"https:\/\/salafilmes.com\/wp-content\/uploads\/2022\/12\/Fulgor-03.jpg\"><figure class=\"swiper-slide-inner\"><img class=\"swiper-slide-image\" src=\"https:\/\/salafilmes.com\/wp-content\/uploads\/2022\/12\/Fulgor-03-150x150.jpg\" alt=\"\" \/><\/figure><\/a><\/div><div class=\"swiper-slide\"><a data-elementor-open-lightbox=\"yes\" data-elementor-lightbox-slideshow=\"2d7ce34\" href=\"https:\/\/salafilmes.com\/wp-content\/uploads\/2022\/12\/Fulgor-04.jpg\"><figure class=\"swiper-slide-inner\"><img class=\"swiper-slide-image\" src=\"https:\/\/salafilmes.com\/wp-content\/uploads\/2022\/12\/Fulgor-04-150x150.jpg\" alt=\"\" \/><\/figure><\/a><\/div><div class=\"swiper-slide\"><a data-elementor-open-lightbox=\"yes\" data-elementor-lightbox-slideshow=\"2d7ce34\" href=\"https:\/\/salafilmes.com\/wp-content\/uploads\/2022\/12\/fulgor.jpg\"><figure class=\"swiper-slide-inner\"><img class=\"swiper-slide-image\" src=\"https:\/\/salafilmes.com\/wp-content\/uploads\/2022\/12\/fulgor-150x150.jpg\" alt=\"\" \/><\/figure><\/a><\/div><div class=\"swiper-slide\"><a data-elementor-open-lightbox=\"yes\" data-elementor-lightbox-slideshow=\"2d7ce34\" href=\"https:\/\/salafilmes.com\/wp-content\/uploads\/2022\/12\/Fulgor01.jpg\"><figure class=\"swiper-slide-inner\"><img class=\"swiper-slide-image\" src=\"https:\/\/salafilmes.com\/wp-content\/uploads\/2022\/12\/Fulgor01-150x150.jpg\" alt=\"\" \/><\/figure><\/a><\/div><div class=\"swiper-slide\"><a data-elementor-open-lightbox=\"yes\" data-elementor-lightbox-slideshow=\"2d7ce34\" href=\"https:\/\/salafilmes.com\/wp-content\/uploads\/2022\/12\/Fulgor-mkof-ago19-35-scaled.jpg\"><figure class=\"swiper-slide-inner\"><img class=\"swiper-slide-image\" src=\"https:\/\/salafilmes.com\/wp-content\/uploads\/2022\/12\/Fulgor-mkof-ago19-35-150x150.jpg\" alt=\"\" \/><\/figure><\/a><\/div><div class=\"swiper-slide\"><a data-elementor-open-lightbox=\"yes\" data-elementor-lightbox-slideshow=\"2d7ce34\" href=\"https:\/\/salafilmes.com\/wp-content\/uploads\/2022\/12\/P1140290.jpg\"><figure class=\"swiper-slide-inner\"><img class=\"swiper-slide-image\" src=\"https:\/\/salafilmes.com\/wp-content\/uploads\/2022\/12\/P1140290-150x150.jpg\" alt=\"\" \/><\/figure><\/a><\/div><div class=\"swiper-slide\"><a data-elementor-open-lightbox=\"yes\" data-elementor-lightbox-slideshow=\"2d7ce34\" href=\"https:\/\/salafilmes.com\/wp-content\/uploads\/2022\/12\/P1140481.jpg\"><figure class=\"swiper-slide-inner\"><img class=\"swiper-slide-image\" src=\"https:\/\/salafilmes.com\/wp-content\/uploads\/2022\/12\/P1140481-150x150.jpg\" alt=\"\" \/><\/figure><\/a><\/div><div class=\"swiper-slide\"><a data-elementor-open-lightbox=\"yes\" data-elementor-lightbox-slideshow=\"2d7ce34\" href=\"https:\/\/salafilmes.com\/wp-content\/uploads\/2022\/12\/P1140557.jpg\"><figure class=\"swiper-slide-inner\"><img class=\"swiper-slide-image\" src=\"https:\/\/salafilmes.com\/wp-content\/uploads\/2022\/12\/P1140557-150x150.jpg\" alt=\"\" \/><\/figure><\/a><\/div>\t\t\t<\/div>\n\t\t\t\t\t\t\t\t\t\t\t\t\t\t\t\t<div class=\"elementor-swiper-button elementor-swiper-button-prev\">\n\t\t\t\t\t\t<i class=\"eicon-chevron-left\" aria-hidden=\"true\"><\/i>\n\t\t\t\t\t\t<span class=\"elementor-screen-only\">Previous<\/span>\n\t\t\t\t\t<\/div>\n\t\t\t\t\t<div class=\"elementor-swiper-button elementor-swiper-button-next\">\n\t\t\t\t\t\t<i class=\"eicon-chevron-right\" aria-hidden=\"true\"><\/i>\n\t\t\t\t\t\t<span class=\"elementor-screen-only\">Next<\/span>\n\t\t\t\t\t<\/div>\n\t\t\t\t\t\t\t\t\t<\/div>\n\t\t\t\t<\/div>\n\t\t\t\t<\/div>\n\t\t\t\t\t\t<\/div>\n\t\t\t\t\t<\/div>\n\t\t<\/div>\n\t\t\t\t\t\t\t\t<\/div>\n\t\t\t\t\t<\/div>\n\t\t<\/section>\n\t\t\t\t\t\t<\/div>\n\t\t\t\t\t\t<\/div>\n\t\t\t\t\t<\/div>\n\t\t","protected":false},"excerpt":{"rendered":"<p>Joana, Victor, Francisca e Jean, jovens habitantes de uma metr\u00f3pole provinciana, assolados pela falta de perspectiva de sua gera\u00e7\u00e3o, decidem buscar novas oportunidades. Percorrendo uma estrada para o passado, atravessam o interior do estado, rumo \u00e0 fronteira! A jornada sai dos eixos quando se deparam com a intoler\u00e2ncia, preconceito e discrimina\u00e7\u00e3o que as ra\u00edzes tradicionalistas, [&hellip;]<\/p>\n","protected":false},"author":1,"featured_media":0,"parent":0,"menu_order":0,"comment_status":"closed","ping_status":"closed","template":"","meta":[],"_links":{"self":[{"href":"https:\/\/salafilmes.com\/index.php\/wp-json\/wp\/v2\/pages\/419"}],"collection":[{"href":"https:\/\/salafilmes.com\/index.php\/wp-json\/wp\/v2\/pages"}],"about":[{"href":"https:\/\/salafilmes.com\/index.php\/wp-json\/wp\/v2\/types\/page"}],"author":[{"embeddable":true,"href":"https:\/\/salafilmes.com\/index.php\/wp-json\/wp\/v2\/users\/1"}],"replies":[{"embeddable":true,"href":"https:\/\/salafilmes.com\/index.php\/wp-json\/wp\/v2\/comments?post=419"}],"version-history":[{"count":8,"href":"https:\/\/salafilmes.com\/index.php\/wp-json\/wp\/v2\/pages\/419\/revisions"}],"predecessor-version":[{"id":540,"href":"https:\/\/salafilmes.com\/index.php\/wp-json\/wp\/v2\/pages\/419\/revisions\/540"}],"wp:attachment":[{"href":"https:\/\/salafilmes.com\/index.php\/wp-json\/wp\/v2\/media?parent=419"}],"curies":[{"name":"wp","href":"https:\/\/api.w.org\/{rel}","templated":true}]}}