{"id":350,"date":"2022-12-04T19:55:20","date_gmt":"2022-12-04T22:55:20","guid":{"rendered":"https:\/\/salafilmes.com\/?page_id=350"},"modified":"2022-12-06T13:26:31","modified_gmt":"2022-12-06T16:26:31","slug":"78-cartas","status":"publish","type":"page","link":"https:\/\/salafilmes.com\/index.php\/78-cartas\/","title":{"rendered":"78 Cartas"},"content":{"rendered":"\t\t<div data-elementor-type=\"wp-page\" data-elementor-id=\"350\" class=\"elementor elementor-350\" data-elementor-settings=\"[]\">\n\t\t\t\t\t\t<div class=\"elementor-inner\">\n\t\t\t\t\t\t\t<div class=\"elementor-section-wrap\">\n\t\t\t\t\t\t\t<section class=\"elementor-section elementor-top-section elementor-element elementor-element-11bfeac elementor-section-boxed elementor-section-height-default elementor-section-height-default\" data-id=\"11bfeac\" data-element_type=\"section\">\n\t\t\t\t\t\t<div class=\"elementor-container elementor-column-gap-default\">\n\t\t\t\t\t\t\t<div class=\"elementor-row\">\n\t\t\t\t\t<div class=\"elementor-column elementor-col-50 elementor-top-column elementor-element elementor-element-51ba98e\" data-id=\"51ba98e\" data-element_type=\"column\">\n\t\t\t<div class=\"elementor-column-wrap elementor-element-populated\">\n\t\t\t\t\t\t\t<div class=\"elementor-widget-wrap\">\n\t\t\t\t\t\t<div class=\"elementor-element elementor-element-7ce71c3 elementor-widget elementor-widget-image\" data-id=\"7ce71c3\" data-element_type=\"widget\" data-widget_type=\"image.default\">\n\t\t\t\t<div class=\"elementor-widget-container\">\n\t\t\t\t\t<div class=\"elementor-image\">\n\t\t\t\t\t\t\t\t\t\t<img width=\"723\" height=\"1024\" src=\"https:\/\/salafilmes.com\/wp-content\/uploads\/2020\/10\/Sem-titulo-723x1024.jpg\" class=\"attachment-large size-large\" alt=\"\" loading=\"lazy\" srcset=\"https:\/\/salafilmes.com\/wp-content\/uploads\/2020\/10\/Sem-titulo-723x1024.jpg 723w, https:\/\/salafilmes.com\/wp-content\/uploads\/2020\/10\/Sem-titulo-212x300.jpg 212w, https:\/\/salafilmes.com\/wp-content\/uploads\/2020\/10\/Sem-titulo-768x1087.jpg 768w, https:\/\/salafilmes.com\/wp-content\/uploads\/2020\/10\/Sem-titulo-scaled.jpg 1808w\" sizes=\"(max-width: 723px) 100vw, 723px\" \/>\t\t\t\t\t\t\t\t\t\t\t<\/div>\n\t\t\t\t<\/div>\n\t\t\t\t<\/div>\n\t\t\t\t\t\t<\/div>\n\t\t\t\t\t<\/div>\n\t\t<\/div>\n\t\t\t\t<div class=\"elementor-column elementor-col-50 elementor-top-column elementor-element elementor-element-3355697\" data-id=\"3355697\" data-element_type=\"column\">\n\t\t\t<div class=\"elementor-column-wrap elementor-element-populated\">\n\t\t\t\t\t\t\t<div class=\"elementor-widget-wrap\">\n\t\t\t\t\t\t<div class=\"elementor-element elementor-element-f5b3aef elementor-widget elementor-widget-text-editor\" data-id=\"f5b3aef\" data-element_type=\"widget\" data-widget_type=\"text-editor.default\">\n\t\t\t\t<div class=\"elementor-widget-container\">\n\t\t\t\t\t<div class=\"elementor-text-editor elementor-clearfix\"><p><span style=\"font-weight: 400;\">Ap\u00f3s retornar \u00e0 sua cidade natal, L\u00facia, uma tar\u00f3loga de 33 anos, n\u00e3o medir\u00e1 esfor\u00e7os para reencontrar sua filha, que abandonou quando foi m\u00e3e aos 17 anos, na tentativa de resgatar os la\u00e7os maternos e mudar o rumo de sua vida.<\/span><\/p><p><b>Produ\u00e7\u00e3o:\u00a0<\/b><span style=\"font-weight: 400;\">Sala Filmes e 8-80 Filmes<\/span><\/p><p><b>Dire\u00e7\u00e3o: <\/b><span style=\"font-weight: 400;\">La\u00eds Werneck<\/span><\/p><p><strong>Formato:<\/strong> <span style=\"font-weight: 400;\">Curta-Metragem<\/span><\/p><p><strong>Ano:<\/strong> 2020<\/p><\/div>\n\t\t\t\t<\/div>\n\t\t\t\t<\/div>\n\t\t\t\t\t\t<\/div>\n\t\t\t\t\t<\/div>\n\t\t<\/div>\n\t\t\t\t\t\t\t\t<\/div>\n\t\t\t\t\t<\/div>\n\t\t<\/section>\n\t\t\t\t<section class=\"elementor-section elementor-top-section elementor-element elementor-element-a8e00e0 elementor-section-boxed elementor-section-height-default elementor-section-height-default\" data-id=\"a8e00e0\" data-element_type=\"section\">\n\t\t\t\t\t\t<div class=\"elementor-container elementor-column-gap-default\">\n\t\t\t\t\t\t\t<div class=\"elementor-row\">\n\t\t\t\t\t<div class=\"elementor-column elementor-col-100 elementor-top-column elementor-element elementor-element-20af2aa\" data-id=\"20af2aa\" data-element_type=\"column\">\n\t\t\t<div class=\"elementor-column-wrap elementor-element-populated\">\n\t\t\t\t\t\t\t<div class=\"elementor-widget-wrap\">\n\t\t\t\t\t\t<div class=\"elementor-element elementor-element-2d7ce34 elementor-arrows-position-inside elementor-widget elementor-widget-image-carousel\" data-id=\"2d7ce34\" data-element_type=\"widget\" data-settings=\"{&quot;slides_to_show&quot;:&quot;7&quot;,&quot;slides_to_show_tablet&quot;:&quot;4&quot;,&quot;navigation&quot;:&quot;arrows&quot;,&quot;autoplay&quot;:&quot;yes&quot;,&quot;pause_on_hover&quot;:&quot;yes&quot;,&quot;pause_on_interaction&quot;:&quot;yes&quot;,&quot;autoplay_speed&quot;:5000,&quot;infinite&quot;:&quot;yes&quot;,&quot;speed&quot;:500}\" data-widget_type=\"image-carousel.default\">\n\t\t\t\t<div class=\"elementor-widget-container\">\n\t\t\t\t\t<div class=\"elementor-image-carousel-wrapper swiper-container\" dir=\"ltr\">\n\t\t\t<div class=\"elementor-image-carousel swiper-wrapper\">\n\t\t\t\t<div class=\"swiper-slide\"><a data-elementor-open-lightbox=\"yes\" data-elementor-lightbox-slideshow=\"2d7ce34\" href=\"https:\/\/salafilmes.com\/wp-content\/uploads\/2022\/12\/MG_0840.jpg\"><figure class=\"swiper-slide-inner\"><img class=\"swiper-slide-image\" src=\"https:\/\/salafilmes.com\/wp-content\/uploads\/2022\/12\/MG_0840-150x150.jpg\" alt=\"\" \/><\/figure><\/a><\/div><div class=\"swiper-slide\"><a data-elementor-open-lightbox=\"yes\" data-elementor-lightbox-slideshow=\"2d7ce34\" href=\"https:\/\/salafilmes.com\/wp-content\/uploads\/2022\/12\/MG_0925.jpg\"><figure class=\"swiper-slide-inner\"><img class=\"swiper-slide-image\" src=\"https:\/\/salafilmes.com\/wp-content\/uploads\/2022\/12\/MG_0925-150x150.jpg\" alt=\"\" \/><\/figure><\/a><\/div><div class=\"swiper-slide\"><a data-elementor-open-lightbox=\"yes\" data-elementor-lightbox-slideshow=\"2d7ce34\" href=\"https:\/\/salafilmes.com\/wp-content\/uploads\/2022\/12\/MG_1169.jpg\"><figure class=\"swiper-slide-inner\"><img class=\"swiper-slide-image\" src=\"https:\/\/salafilmes.com\/wp-content\/uploads\/2022\/12\/MG_1169-150x150.jpg\" alt=\"\" \/><\/figure><\/a><\/div><div class=\"swiper-slide\"><a data-elementor-open-lightbox=\"yes\" data-elementor-lightbox-slideshow=\"2d7ce34\" href=\"https:\/\/salafilmes.com\/wp-content\/uploads\/2022\/12\/MG_1298.jpg\"><figure class=\"swiper-slide-inner\"><img class=\"swiper-slide-image\" src=\"https:\/\/salafilmes.com\/wp-content\/uploads\/2022\/12\/MG_1298-150x150.jpg\" alt=\"\" \/><\/figure><\/a><\/div><div class=\"swiper-slide\"><a data-elementor-open-lightbox=\"yes\" data-elementor-lightbox-slideshow=\"2d7ce34\" href=\"https:\/\/salafilmes.com\/wp-content\/uploads\/2022\/12\/MG_1471.jpg\"><figure class=\"swiper-slide-inner\"><img class=\"swiper-slide-image\" src=\"https:\/\/salafilmes.com\/wp-content\/uploads\/2022\/12\/MG_1471-150x150.jpg\" alt=\"\" \/><\/figure><\/a><\/div><div class=\"swiper-slide\"><a data-elementor-open-lightbox=\"yes\" data-elementor-lightbox-slideshow=\"2d7ce34\" href=\"https:\/\/salafilmes.com\/wp-content\/uploads\/2022\/12\/MG_7724-scaled.jpg\"><figure class=\"swiper-slide-inner\"><img class=\"swiper-slide-image\" src=\"https:\/\/salafilmes.com\/wp-content\/uploads\/2022\/12\/MG_7724-150x150.jpg\" alt=\"\" \/><\/figure><\/a><\/div><div class=\"swiper-slide\"><a data-elementor-open-lightbox=\"yes\" data-elementor-lightbox-slideshow=\"2d7ce34\" href=\"https:\/\/salafilmes.com\/wp-content\/uploads\/2022\/12\/MG_7915-scaled.jpg\"><figure class=\"swiper-slide-inner\"><img class=\"swiper-slide-image\" src=\"https:\/\/salafilmes.com\/wp-content\/uploads\/2022\/12\/MG_7915-150x150.jpg\" alt=\"\" \/><\/figure><\/a><\/div><div class=\"swiper-slide\"><a data-elementor-open-lightbox=\"yes\" data-elementor-lightbox-slideshow=\"2d7ce34\" href=\"https:\/\/salafilmes.com\/wp-content\/uploads\/2022\/12\/MG_7932-scaled.jpg\"><figure class=\"swiper-slide-inner\"><img class=\"swiper-slide-image\" src=\"https:\/\/salafilmes.com\/wp-content\/uploads\/2022\/12\/MG_7932-150x150.jpg\" alt=\"\" \/><\/figure><\/a><\/div><div class=\"swiper-slide\"><a data-elementor-open-lightbox=\"yes\" data-elementor-lightbox-slideshow=\"2d7ce34\" href=\"https:\/\/salafilmes.com\/wp-content\/uploads\/2022\/12\/MG_8044-scaled.jpg\"><figure class=\"swiper-slide-inner\"><img class=\"swiper-slide-image\" src=\"https:\/\/salafilmes.com\/wp-content\/uploads\/2022\/12\/MG_8044-150x150.jpg\" alt=\"\" \/><\/figure><\/a><\/div><div class=\"swiper-slide\"><a data-elementor-open-lightbox=\"yes\" data-elementor-lightbox-slideshow=\"2d7ce34\" href=\"https:\/\/salafilmes.com\/wp-content\/uploads\/2022\/12\/MG_8104-scaled.jpg\"><figure class=\"swiper-slide-inner\"><img class=\"swiper-slide-image\" src=\"https:\/\/salafilmes.com\/wp-content\/uploads\/2022\/12\/MG_8104-150x150.jpg\" alt=\"\" \/><\/figure><\/a><\/div><div class=\"swiper-slide\"><a data-elementor-open-lightbox=\"yes\" data-elementor-lightbox-slideshow=\"2d7ce34\" href=\"https:\/\/salafilmes.com\/wp-content\/uploads\/2022\/12\/MG_8366-scaled.jpg\"><figure class=\"swiper-slide-inner\"><img class=\"swiper-slide-image\" src=\"https:\/\/salafilmes.com\/wp-content\/uploads\/2022\/12\/MG_8366-150x150.jpg\" alt=\"\" \/><\/figure><\/a><\/div><div class=\"swiper-slide\"><a data-elementor-open-lightbox=\"yes\" data-elementor-lightbox-slideshow=\"2d7ce34\" href=\"https:\/\/salafilmes.com\/wp-content\/uploads\/2022\/12\/Foto-de-Equipe-1-por-Ale-Rodrigues.jpg\"><figure class=\"swiper-slide-inner\"><img class=\"swiper-slide-image\" src=\"https:\/\/salafilmes.com\/wp-content\/uploads\/2022\/12\/Foto-de-Equipe-1-por-Ale-Rodrigues-150x150.jpg\" alt=\"\" \/><\/figure><\/a><\/div><div class=\"swiper-slide\"><a data-elementor-open-lightbox=\"yes\" data-elementor-lightbox-slideshow=\"2d7ce34\" href=\"https:\/\/salafilmes.com\/wp-content\/uploads\/2022\/12\/Foto-de-Equipe-2-por-Ale-Rodrigues.jpg\"><figure class=\"swiper-slide-inner\"><img class=\"swiper-slide-image\" src=\"https:\/\/salafilmes.com\/wp-content\/uploads\/2022\/12\/Foto-de-Equipe-2-por-Ale-Rodrigues-150x150.jpg\" alt=\"\" \/><\/figure><\/a><\/div>\t\t\t<\/div>\n\t\t\t\t\t\t\t\t\t\t\t\t\t\t\t\t<div class=\"elementor-swiper-button elementor-swiper-button-prev\">\n\t\t\t\t\t\t<i class=\"eicon-chevron-left\" aria-hidden=\"true\"><\/i>\n\t\t\t\t\t\t<span class=\"elementor-screen-only\">Previous<\/span>\n\t\t\t\t\t<\/div>\n\t\t\t\t\t<div class=\"elementor-swiper-button elementor-swiper-button-next\">\n\t\t\t\t\t\t<i class=\"eicon-chevron-right\" aria-hidden=\"true\"><\/i>\n\t\t\t\t\t\t<span class=\"elementor-screen-only\">Next<\/span>\n\t\t\t\t\t<\/div>\n\t\t\t\t\t\t\t\t\t<\/div>\n\t\t\t\t<\/div>\n\t\t\t\t<\/div>\n\t\t\t\t\t\t<\/div>\n\t\t\t\t\t<\/div>\n\t\t<\/div>\n\t\t\t\t\t\t\t\t<\/div>\n\t\t\t\t\t<\/div>\n\t\t<\/section>\n\t\t\t\t\t\t<\/div>\n\t\t\t\t\t\t<\/div>\n\t\t\t\t\t<\/div>\n\t\t","protected":false},"excerpt":{"rendered":"<p>Ap\u00f3s retornar \u00e0 sua cidade natal, L\u00facia, uma tar\u00f3loga de 33 anos, n\u00e3o medir\u00e1 esfor\u00e7os para reencontrar sua filha, que abandonou quando foi m\u00e3e aos 17 anos, na tentativa de resgatar os la\u00e7os maternos e mudar o rumo de sua vida. Produ\u00e7\u00e3o:\u00a0Sala Filmes e 8-80 Filmes Dire\u00e7\u00e3o: La\u00eds Werneck Formato: Curta-Metragem Ano: 2020 Previous Next<\/p>\n","protected":false},"author":1,"featured_media":0,"parent":0,"menu_order":0,"comment_status":"closed","ping_status":"closed","template":"","meta":[],"_links":{"self":[{"href":"https:\/\/salafilmes.com\/index.php\/wp-json\/wp\/v2\/pages\/350"}],"collection":[{"href":"https:\/\/salafilmes.com\/index.php\/wp-json\/wp\/v2\/pages"}],"about":[{"href":"https:\/\/salafilmes.com\/index.php\/wp-json\/wp\/v2\/types\/page"}],"author":[{"embeddable":true,"href":"https:\/\/salafilmes.com\/index.php\/wp-json\/wp\/v2\/users\/1"}],"replies":[{"embeddable":true,"href":"https:\/\/salafilmes.com\/index.php\/wp-json\/wp\/v2\/comments?post=350"}],"version-history":[{"count":8,"href":"https:\/\/salafilmes.com\/index.php\/wp-json\/wp\/v2\/pages\/350\/revisions"}],"predecessor-version":[{"id":520,"href":"https:\/\/salafilmes.com\/index.php\/wp-json\/wp\/v2\/pages\/350\/revisions\/520"}],"wp:attachment":[{"href":"https:\/\/salafilmes.com\/index.php\/wp-json\/wp\/v2\/media?parent=350"}],"curies":[{"name":"wp","href":"https:\/\/api.w.org\/{rel}","templated":true}]}}