{"id":35,"date":"2016-11-29T01:21:42","date_gmt":"2016-11-29T03:21:42","guid":{"rendered":"https:\/\/oceanwp.org\/stylish\/?page_id=35"},"modified":"2020-05-01T18:09:51","modified_gmt":"2020-05-01T21:09:51","slug":"sobre","status":"publish","type":"page","link":"https:\/\/salafilmes.com\/index.php\/sobre\/","title":{"rendered":"Sobre"},"content":{"rendered":"\t\t<div data-elementor-type=\"wp-page\" data-elementor-id=\"35\" class=\"elementor elementor-35\" data-elementor-settings=\"[]\">\n\t\t\t\t\t\t<div class=\"elementor-inner\">\n\t\t\t\t\t\t\t<div class=\"elementor-section-wrap\">\n\t\t\t\t\t\t\t<section class=\"elementor-section elementor-top-section elementor-element elementor-element-qflue6d elementor-section-height-min-height elementor-section-boxed elementor-section-height-default elementor-section-items-middle\" data-id=\"qflue6d\" data-element_type=\"section\" data-settings=\"{&quot;background_background&quot;:&quot;classic&quot;}\">\n\t\t\t\t\t\t\t<div class=\"elementor-background-overlay\"><\/div>\n\t\t\t\t\t\t\t<div class=\"elementor-container elementor-column-gap-default\">\n\t\t\t\t\t\t\t<div class=\"elementor-row\">\n\t\t\t\t\t<div class=\"elementor-column elementor-col-100 elementor-top-column elementor-element elementor-element-d370te9\" data-id=\"d370te9\" data-element_type=\"column\">\n\t\t\t<div class=\"elementor-column-wrap elementor-element-populated\">\n\t\t\t\t\t\t\t<div class=\"elementor-widget-wrap\">\n\t\t\t\t\t\t<div class=\"elementor-element elementor-element-q7kzudq elementor-widget elementor-widget-heading\" data-id=\"q7kzudq\" data-element_type=\"widget\" data-widget_type=\"heading.default\">\n\t\t\t\t<div class=\"elementor-widget-container\">\n\t\t\t<h2 class=\"elementor-heading-title elementor-size-default\">Sobre N\u00f3s<\/h2>\t\t<\/div>\n\t\t\t\t<\/div>\n\t\t\t\t\t\t<\/div>\n\t\t\t\t\t<\/div>\n\t\t<\/div>\n\t\t\t\t\t\t\t\t<\/div>\n\t\t\t\t\t<\/div>\n\t\t<\/section>\n\t\t\t\t<section class=\"elementor-section elementor-top-section elementor-element elementor-element-tkml1zg elementor-section-boxed elementor-section-height-default elementor-section-height-default\" data-id=\"tkml1zg\" data-element_type=\"section\">\n\t\t\t\t\t\t<div class=\"elementor-container elementor-column-gap-default\">\n\t\t\t\t\t\t\t<div class=\"elementor-row\">\n\t\t\t\t\t<div class=\"elementor-column elementor-col-100 elementor-top-column elementor-element elementor-element-97j26r1\" data-id=\"97j26r1\" data-element_type=\"column\">\n\t\t\t<div class=\"elementor-column-wrap elementor-element-populated\">\n\t\t\t\t\t\t\t<div class=\"elementor-widget-wrap\">\n\t\t\t\t\t\t<div class=\"elementor-element elementor-element-9ztptpn elementor-widget elementor-widget-heading\" data-id=\"9ztptpn\" data-element_type=\"widget\" data-widget_type=\"heading.default\">\n\t\t\t\t<div class=\"elementor-widget-container\">\n\t\t\t<h2 class=\"elementor-heading-title elementor-size-default\">Quem Somos?<\/h2>\t\t<\/div>\n\t\t\t\t<\/div>\n\t\t\t\t<div class=\"elementor-element elementor-element-91494b3 elementor-widget elementor-widget-text-editor\" data-id=\"91494b3\" data-element_type=\"widget\" data-widget_type=\"text-editor.default\">\n\t\t\t\t<div class=\"elementor-widget-container\">\n\t\t\t\t\t<div class=\"elementor-text-editor elementor-clearfix\"><p style=\"font-variant-ligatures: normal; font-variant-caps: normal; font-family: 'Lucida Sans Unicode', 'Lucida Grande', sans-serif; font-size: 15px; font-style: normal; font-weight: 400; letter-spacing: 0.2px; text-align: justify;\"><span style=\"font-size: 15px;\">A Sala Filmes \u00e9 uma produtora voltada para a concep\u00e7\u00e3o e produ\u00e7\u00e3o de projetos audiovisuais.<\/span><\/p><p style=\"font-variant-ligatures: normal; font-variant-caps: normal; font-family: 'Lucida Sans Unicode', 'Lucida Grande', sans-serif; font-size: 15px; font-style: normal; font-weight: 400; letter-spacing: 0.2px; text-align: justify;\"><span style=\"font-size: 15px; font-weight: 400; letter-spacing: 0.2px;\">Fundada em 2017, trabalha com conte\u00fado para diferentes plataformas. Entre seus principais focos est\u00e3o o Cinema, Videoclipes e canais de YouTube.<\/span><\/p><p style=\"font-variant-ligatures: normal; font-variant-caps: normal; font-family: 'Lucida Sans Unicode', 'Lucida Grande', sans-serif; font-size: 15px; font-style: normal; font-weight: 400; letter-spacing: 0.2px; text-align: justify;\"><span style=\"font-size: 15px; font-weight: 400; letter-spacing: 0.2px;\">Al\u00e9m de encabe\u00e7ar seus pr\u00f3prios projetos, a produtora tamb\u00e9m assina como coprodu\u00e7\u00e3o, produtora associada ou apoio com outras produtoras ou pessoas f\u00edsicas, ficando assim\u00a0 respons\u00e1vel por um determinado setor conforme cada projeto.<\/span><\/p><p style=\"font-variant-ligatures: normal; font-variant-caps: normal; font-family: 'Lucida Sans Unicode', 'Lucida Grande', sans-serif; font-size: 15px; font-style: normal; font-weight: 400; letter-spacing: 0.2px; text-align: justify;\"><span style=\"font-size: 15px; font-weight: 400; letter-spacing: 0.2px;\">Trabalhamos sempre pra encontrar a melhor maneira de tirar as palavras do papel e transformar elas em imagem.\u00a0<\/span><\/p><\/div>\n\t\t\t\t<\/div>\n\t\t\t\t<\/div>\n\t\t\t\t\t\t<\/div>\n\t\t\t\t\t<\/div>\n\t\t<\/div>\n\t\t\t\t\t\t\t\t<\/div>\n\t\t\t\t\t<\/div>\n\t\t<\/section>\n\t\t\t\t\t\t<\/div>\n\t\t\t\t\t\t<\/div>\n\t\t\t\t\t<\/div>\n\t\t","protected":false},"excerpt":{"rendered":"<p>Sobre N\u00f3s Quem Somos? A Sala Filmes \u00e9 uma produtora voltada para a concep\u00e7\u00e3o e produ\u00e7\u00e3o de projetos audiovisuais. Fundada em 2017, trabalha com conte\u00fado para diferentes plataformas. Entre seus principais focos est\u00e3o o Cinema, Videoclipes e canais de YouTube. Al\u00e9m de encabe\u00e7ar seus pr\u00f3prios projetos, a produtora tamb\u00e9m assina como coprodu\u00e7\u00e3o, produtora associada ou [&hellip;]<\/p>\n","protected":false},"author":1,"featured_media":0,"parent":0,"menu_order":0,"comment_status":"closed","ping_status":"closed","template":"","meta":[],"_links":{"self":[{"href":"https:\/\/salafilmes.com\/index.php\/wp-json\/wp\/v2\/pages\/35"}],"collection":[{"href":"https:\/\/salafilmes.com\/index.php\/wp-json\/wp\/v2\/pages"}],"about":[{"href":"https:\/\/salafilmes.com\/index.php\/wp-json\/wp\/v2\/types\/page"}],"author":[{"embeddable":true,"href":"https:\/\/salafilmes.com\/index.php\/wp-json\/wp\/v2\/users\/1"}],"replies":[{"embeddable":true,"href":"https:\/\/salafilmes.com\/index.php\/wp-json\/wp\/v2\/comments?post=35"}],"version-history":[{"count":5,"href":"https:\/\/salafilmes.com\/index.php\/wp-json\/wp\/v2\/pages\/35\/revisions"}],"predecessor-version":[{"id":228,"href":"https:\/\/salafilmes.com\/index.php\/wp-json\/wp\/v2\/pages\/35\/revisions\/228"}],"wp:attachment":[{"href":"https:\/\/salafilmes.com\/index.php\/wp-json\/wp\/v2\/media?parent=35"}],"curies":[{"name":"wp","href":"https:\/\/api.w.org\/{rel}","templated":true}]}}