{"id":258,"date":"2022-12-02T09:29:47","date_gmt":"2022-12-02T12:29:47","guid":{"rendered":"https:\/\/salafilmes.com\/?page_id=258"},"modified":"2022-12-06T13:49:13","modified_gmt":"2022-12-06T16:49:13","slug":"quero-ir-para-los-angeles","status":"publish","type":"page","link":"https:\/\/salafilmes.com\/index.php\/quero-ir-para-los-angeles\/","title":{"rendered":"Quero Ir Para Los Angeles"},"content":{"rendered":"\t\t<div data-elementor-type=\"wp-page\" data-elementor-id=\"258\" class=\"elementor elementor-258\" data-elementor-settings=\"[]\">\n\t\t\t\t\t\t<div class=\"elementor-inner\">\n\t\t\t\t\t\t\t<div class=\"elementor-section-wrap\">\n\t\t\t\t\t\t\t<section class=\"elementor-section elementor-top-section elementor-element elementor-element-11bfeac elementor-section-boxed elementor-section-height-default elementor-section-height-default\" data-id=\"11bfeac\" data-element_type=\"section\">\n\t\t\t\t\t\t<div class=\"elementor-container elementor-column-gap-default\">\n\t\t\t\t\t\t\t<div class=\"elementor-row\">\n\t\t\t\t\t<div class=\"elementor-column elementor-col-50 elementor-top-column elementor-element elementor-element-51ba98e\" data-id=\"51ba98e\" data-element_type=\"column\">\n\t\t\t<div class=\"elementor-column-wrap elementor-element-populated\">\n\t\t\t\t\t\t\t<div class=\"elementor-widget-wrap\">\n\t\t\t\t\t\t<div class=\"elementor-element elementor-element-7ce71c3 elementor-widget elementor-widget-image\" data-id=\"7ce71c3\" data-element_type=\"widget\" data-widget_type=\"image.default\">\n\t\t\t\t<div class=\"elementor-widget-container\">\n\t\t\t\t\t<div class=\"elementor-image\">\n\t\t\t\t\t\t\t\t\t\t<img width=\"652\" height=\"652\" src=\"https:\/\/salafilmes.com\/wp-content\/uploads\/2020\/04\/MV5BMjMzZjQ3MDEtMmY4ZS00NDMzLWEwY2UtNmRiZGJiYjVhYzE5XkEyXkFqcGdeQXVyNDQ5NTU4NTM@._V1_-e1587588698198.jpg\" class=\"attachment-large size-large\" alt=\"\" loading=\"lazy\" srcset=\"https:\/\/salafilmes.com\/wp-content\/uploads\/2020\/04\/MV5BMjMzZjQ3MDEtMmY4ZS00NDMzLWEwY2UtNmRiZGJiYjVhYzE5XkEyXkFqcGdeQXVyNDQ5NTU4NTM@._V1_-e1587588698198.jpg 652w, https:\/\/salafilmes.com\/wp-content\/uploads\/2020\/04\/MV5BMjMzZjQ3MDEtMmY4ZS00NDMzLWEwY2UtNmRiZGJiYjVhYzE5XkEyXkFqcGdeQXVyNDQ5NTU4NTM@._V1_-e1587588698198-300x300.jpg 300w, https:\/\/salafilmes.com\/wp-content\/uploads\/2020\/04\/MV5BMjMzZjQ3MDEtMmY4ZS00NDMzLWEwY2UtNmRiZGJiYjVhYzE5XkEyXkFqcGdeQXVyNDQ5NTU4NTM@._V1_-e1587588698198-150x150.jpg 150w\" sizes=\"(max-width: 652px) 100vw, 652px\" \/>\t\t\t\t\t\t\t\t\t\t\t<\/div>\n\t\t\t\t<\/div>\n\t\t\t\t<\/div>\n\t\t\t\t\t\t<\/div>\n\t\t\t\t\t<\/div>\n\t\t<\/div>\n\t\t\t\t<div class=\"elementor-column elementor-col-50 elementor-top-column elementor-element elementor-element-3355697\" data-id=\"3355697\" data-element_type=\"column\">\n\t\t\t<div class=\"elementor-column-wrap elementor-element-populated\">\n\t\t\t\t\t\t\t<div class=\"elementor-widget-wrap\">\n\t\t\t\t\t\t<div class=\"elementor-element elementor-element-f5b3aef elementor-widget elementor-widget-text-editor\" data-id=\"f5b3aef\" data-element_type=\"widget\" data-widget_type=\"text-editor.default\">\n\t\t\t\t<div class=\"elementor-widget-container\">\n\t\t\t\t\t<div class=\"elementor-text-editor elementor-clearfix\"><p><span style=\"font-weight: 400;\">Maria \u00e9 uma menina negra universit\u00e1ria que decide fazer sua primeira viagem internacional. Diversas barreiras e questionamentos surgem no decorrer do processo para a realiza\u00e7\u00e3o desse sonho. Suzi, supervisora de Maria, garante que \u00e9 s\u00f3 se esfor\u00e7ar para conseguir o que se quer. Entretanto, o que se revela \u00e9 que o esfor\u00e7o pr\u00f3prio n\u00e3o \u00e9 o \u00fanico propulsor para o alcance desse objetivo.<\/span><\/p><p><b>Produ\u00e7\u00e3o: <\/b><span style=\"font-weight: 400;\">Das Preta Produ\u00e7\u00f5es e Bact\u00e9ria Filmes<\/span><\/p><p><b>Apoio: <\/b><span style=\"font-weight: 400;\">Preto Filmes e Sala Filmes<\/span><\/p><p><b>Dire\u00e7\u00e3o: <\/b><span style=\"font-weight: 400;\">Juh Balhego<\/span><\/p><p><strong>Formato:<\/strong> <span style=\"font-weight: 400;\">Curta-Metragem<\/span><\/p><p><strong>Ano:<\/strong> 2018<\/p><\/div>\n\t\t\t\t<\/div>\n\t\t\t\t<\/div>\n\t\t\t\t\t\t<\/div>\n\t\t\t\t\t<\/div>\n\t\t<\/div>\n\t\t\t\t\t\t\t\t<\/div>\n\t\t\t\t\t<\/div>\n\t\t<\/section>\n\t\t\t\t<section class=\"elementor-section elementor-top-section elementor-element elementor-element-a8e00e0 elementor-section-boxed elementor-section-height-default elementor-section-height-default\" data-id=\"a8e00e0\" data-element_type=\"section\">\n\t\t\t\t\t\t<div class=\"elementor-container elementor-column-gap-default\">\n\t\t\t\t\t\t\t<div class=\"elementor-row\">\n\t\t\t\t\t<div class=\"elementor-column elementor-col-100 elementor-top-column elementor-element elementor-element-20af2aa\" data-id=\"20af2aa\" data-element_type=\"column\">\n\t\t\t<div class=\"elementor-column-wrap elementor-element-populated\">\n\t\t\t\t\t\t\t<div class=\"elementor-widget-wrap\">\n\t\t\t\t\t\t<div class=\"elementor-element elementor-element-2d7ce34 elementor-arrows-position-inside elementor-widget elementor-widget-image-carousel\" data-id=\"2d7ce34\" data-element_type=\"widget\" data-settings=\"{&quot;slides_to_show&quot;:&quot;7&quot;,&quot;slides_to_show_tablet&quot;:&quot;4&quot;,&quot;navigation&quot;:&quot;arrows&quot;,&quot;autoplay&quot;:&quot;yes&quot;,&quot;pause_on_hover&quot;:&quot;yes&quot;,&quot;pause_on_interaction&quot;:&quot;yes&quot;,&quot;autoplay_speed&quot;:5000,&quot;infinite&quot;:&quot;yes&quot;,&quot;speed&quot;:500}\" data-widget_type=\"image-carousel.default\">\n\t\t\t\t<div class=\"elementor-widget-container\">\n\t\t\t\t\t<div class=\"elementor-image-carousel-wrapper swiper-container\" dir=\"ltr\">\n\t\t\t<div class=\"elementor-image-carousel swiper-wrapper\">\n\t\t\t\t<div class=\"swiper-slide\"><a data-elementor-open-lightbox=\"yes\" data-elementor-lightbox-slideshow=\"2d7ce34\" data-elementor-lightbox-title=\"MV5BOGM4YmJmNjYtZjIzNy00ODFkLTg5NzAtZjIzOTEzM2U1ZTI0XkEyXkFqcGdeQXVyNDQ5NTU4NTM@._V1_\" href=\"https:\/\/salafilmes.com\/wp-content\/uploads\/2022\/12\/MV5BOGM4YmJmNjYtZjIzNy00ODFkLTg5NzAtZjIzOTEzM2U1ZTI0XkEyXkFqcGdeQXVyNDQ5NTU4NTM@._V1_.jpg\"><figure class=\"swiper-slide-inner\"><img class=\"swiper-slide-image\" src=\"https:\/\/salafilmes.com\/wp-content\/uploads\/2022\/12\/MV5BOGM4YmJmNjYtZjIzNy00ODFkLTg5NzAtZjIzOTEzM2U1ZTI0XkEyXkFqcGdeQXVyNDQ5NTU4NTM@._V1_-150x150.jpg\" alt=\"MV5BOGM4YmJmNjYtZjIzNy00ODFkLTg5NzAtZjIzOTEzM2U1ZTI0XkEyXkFqcGdeQXVyNDQ5NTU4NTM@._V1_\" \/><\/figure><\/a><\/div><div class=\"swiper-slide\"><a data-elementor-open-lightbox=\"yes\" data-elementor-lightbox-slideshow=\"2d7ce34\" data-elementor-lightbox-title=\"MV5BY2ZjMjdlYTAtZTM3Mi00YWJhLWE0NWQtNTFmNjkyZDk3YzNiXkEyXkFqcGdeQXVyNDQ5NTU4NTM@._V1_\" href=\"https:\/\/salafilmes.com\/wp-content\/uploads\/2022\/12\/MV5BY2ZjMjdlYTAtZTM3Mi00YWJhLWE0NWQtNTFmNjkyZDk3YzNiXkEyXkFqcGdeQXVyNDQ5NTU4NTM@._V1_.jpg\"><figure class=\"swiper-slide-inner\"><img class=\"swiper-slide-image\" src=\"https:\/\/salafilmes.com\/wp-content\/uploads\/2022\/12\/MV5BY2ZjMjdlYTAtZTM3Mi00YWJhLWE0NWQtNTFmNjkyZDk3YzNiXkEyXkFqcGdeQXVyNDQ5NTU4NTM@._V1_-150x150.jpg\" alt=\"MV5BY2ZjMjdlYTAtZTM3Mi00YWJhLWE0NWQtNTFmNjkyZDk3YzNiXkEyXkFqcGdeQXVyNDQ5NTU4NTM@._V1_\" \/><\/figure><\/a><\/div><div class=\"swiper-slide\"><a data-elementor-open-lightbox=\"yes\" data-elementor-lightbox-slideshow=\"2d7ce34\" data-elementor-lightbox-title=\"MV5BZWU2YTkxMGMtOGRiYy00YWQ4LTgxNGEtYmQxM2U3YWNhZTBjXkEyXkFqcGdeQXVyNDQ5NTU4NTM@._V1_\" href=\"https:\/\/salafilmes.com\/wp-content\/uploads\/2022\/12\/MV5BZWU2YTkxMGMtOGRiYy00YWQ4LTgxNGEtYmQxM2U3YWNhZTBjXkEyXkFqcGdeQXVyNDQ5NTU4NTM@._V1_.jpg\"><figure class=\"swiper-slide-inner\"><img class=\"swiper-slide-image\" src=\"https:\/\/salafilmes.com\/wp-content\/uploads\/2022\/12\/MV5BZWU2YTkxMGMtOGRiYy00YWQ4LTgxNGEtYmQxM2U3YWNhZTBjXkEyXkFqcGdeQXVyNDQ5NTU4NTM@._V1_-150x150.jpg\" alt=\"MV5BZWU2YTkxMGMtOGRiYy00YWQ4LTgxNGEtYmQxM2U3YWNhZTBjXkEyXkFqcGdeQXVyNDQ5NTU4NTM@._V1_\" \/><\/figure><\/a><\/div><div class=\"swiper-slide\"><a data-elementor-open-lightbox=\"yes\" data-elementor-lightbox-slideshow=\"2d7ce34\" data-elementor-lightbox-title=\"_MG_0275\" href=\"https:\/\/salafilmes.com\/wp-content\/uploads\/2022\/12\/MG_0275-scaled.jpg\"><figure class=\"swiper-slide-inner\"><img class=\"swiper-slide-image\" src=\"https:\/\/salafilmes.com\/wp-content\/uploads\/2022\/12\/MG_0275-150x150.jpg\" alt=\"_MG_0275\" \/><\/figure><\/a><\/div><div class=\"swiper-slide\"><a data-elementor-open-lightbox=\"yes\" data-elementor-lightbox-slideshow=\"2d7ce34\" data-elementor-lightbox-title=\"_MG_0006\" href=\"https:\/\/salafilmes.com\/wp-content\/uploads\/2022\/12\/MG_0006-scaled.jpg\"><figure class=\"swiper-slide-inner\"><img class=\"swiper-slide-image\" src=\"https:\/\/salafilmes.com\/wp-content\/uploads\/2022\/12\/MG_0006-150x150.jpg\" alt=\"_MG_0006\" \/><\/figure><\/a><\/div><div class=\"swiper-slide\"><a data-elementor-open-lightbox=\"yes\" data-elementor-lightbox-slideshow=\"2d7ce34\" data-elementor-lightbox-title=\"31068988_186837581938353_1730547103580553216_n\" href=\"https:\/\/salafilmes.com\/wp-content\/uploads\/2022\/12\/31068988_186837581938353_1730547103580553216_n.jpg\"><figure class=\"swiper-slide-inner\"><img class=\"swiper-slide-image\" src=\"https:\/\/salafilmes.com\/wp-content\/uploads\/2022\/12\/31068988_186837581938353_1730547103580553216_n-150x150.jpg\" alt=\"31068988_186837581938353_1730547103580553216_n\" \/><\/figure><\/a><\/div><div class=\"swiper-slide\"><a data-elementor-open-lightbox=\"yes\" data-elementor-lightbox-slideshow=\"2d7ce34\" data-elementor-lightbox-title=\"_MG_0072\" href=\"https:\/\/salafilmes.com\/wp-content\/uploads\/2022\/12\/MG_0072-scaled.jpg\"><figure class=\"swiper-slide-inner\"><img class=\"swiper-slide-image\" src=\"https:\/\/salafilmes.com\/wp-content\/uploads\/2022\/12\/MG_0072-150x150.jpg\" alt=\"_MG_0072\" \/><\/figure><\/a><\/div><div class=\"swiper-slide\"><a data-elementor-open-lightbox=\"yes\" data-elementor-lightbox-slideshow=\"2d7ce34\" data-elementor-lightbox-title=\"_MG_9843\" href=\"https:\/\/salafilmes.com\/wp-content\/uploads\/2022\/12\/MG_9843-scaled.jpg\"><figure class=\"swiper-slide-inner\"><img class=\"swiper-slide-image\" src=\"https:\/\/salafilmes.com\/wp-content\/uploads\/2022\/12\/MG_9843-150x150.jpg\" alt=\"_MG_9843\" \/><\/figure><\/a><\/div><div class=\"swiper-slide\"><a data-elementor-open-lightbox=\"yes\" data-elementor-lightbox-slideshow=\"2d7ce34\" data-elementor-lightbox-title=\"30727674_186837441938367_2751434235402256384_n\" href=\"https:\/\/salafilmes.com\/wp-content\/uploads\/2022\/12\/30727674_186837441938367_2751434235402256384_n.jpg\"><figure class=\"swiper-slide-inner\"><img class=\"swiper-slide-image\" src=\"https:\/\/salafilmes.com\/wp-content\/uploads\/2022\/12\/30727674_186837441938367_2751434235402256384_n-150x150.jpg\" alt=\"30727674_186837441938367_2751434235402256384_n\" \/><\/figure><\/a><\/div><div class=\"swiper-slide\"><a data-elementor-open-lightbox=\"yes\" data-elementor-lightbox-slideshow=\"2d7ce34\" data-elementor-lightbox-title=\"IMG_0159\" href=\"https:\/\/salafilmes.com\/wp-content\/uploads\/2022\/12\/IMG_0159-scaled.jpg\"><figure class=\"swiper-slide-inner\"><img class=\"swiper-slide-image\" src=\"https:\/\/salafilmes.com\/wp-content\/uploads\/2022\/12\/IMG_0159-150x150.jpg\" alt=\"IMG_0159\" \/><\/figure><\/a><\/div><div class=\"swiper-slide\"><a data-elementor-open-lightbox=\"yes\" data-elementor-lightbox-slideshow=\"2d7ce34\" data-elementor-lightbox-title=\"IMG_0167\" href=\"https:\/\/salafilmes.com\/wp-content\/uploads\/2022\/12\/IMG_0167-scaled.jpg\"><figure class=\"swiper-slide-inner\"><img class=\"swiper-slide-image\" src=\"https:\/\/salafilmes.com\/wp-content\/uploads\/2022\/12\/IMG_0167-150x150.jpg\" alt=\"IMG_0167\" \/><\/figure><\/a><\/div><div class=\"swiper-slide\"><a data-elementor-open-lightbox=\"yes\" data-elementor-lightbox-slideshow=\"2d7ce34\" data-elementor-lightbox-title=\"IMG_9096\" href=\"https:\/\/salafilmes.com\/wp-content\/uploads\/2022\/12\/IMG_9096-scaled.jpg\"><figure class=\"swiper-slide-inner\"><img class=\"swiper-slide-image\" src=\"https:\/\/salafilmes.com\/wp-content\/uploads\/2022\/12\/IMG_9096-150x150.jpg\" alt=\"IMG_9096\" \/><\/figure><\/a><\/div><div class=\"swiper-slide\"><a data-elementor-open-lightbox=\"yes\" data-elementor-lightbox-slideshow=\"2d7ce34\" data-elementor-lightbox-title=\"IMG_9241\" href=\"https:\/\/salafilmes.com\/wp-content\/uploads\/2022\/12\/IMG_9241-scaled.jpg\"><figure class=\"swiper-slide-inner\"><img class=\"swiper-slide-image\" src=\"https:\/\/salafilmes.com\/wp-content\/uploads\/2022\/12\/IMG_9241-150x150.jpg\" alt=\"IMG_9241\" \/><\/figure><\/a><\/div><div class=\"swiper-slide\"><a data-elementor-open-lightbox=\"yes\" data-elementor-lightbox-slideshow=\"2d7ce34\" data-elementor-lightbox-title=\"IMG_9803\" href=\"https:\/\/salafilmes.com\/wp-content\/uploads\/2022\/12\/IMG_9803-scaled.jpg\"><figure class=\"swiper-slide-inner\"><img class=\"swiper-slide-image\" src=\"https:\/\/salafilmes.com\/wp-content\/uploads\/2022\/12\/IMG_9803-150x150.jpg\" alt=\"IMG_9803\" \/><\/figure><\/a><\/div><div class=\"swiper-slide\"><a data-elementor-open-lightbox=\"yes\" data-elementor-lightbox-slideshow=\"2d7ce34\" data-elementor-lightbox-title=\"MV5BNDk5OWMwNDctOTIwYi00OWQwLWE0ZWUtMTFjODg5ZmI1YjcyXkEyXkFqcGdeQXVyNDQ5NTU4NTM@._V1_\" href=\"https:\/\/salafilmes.com\/wp-content\/uploads\/2022\/12\/MV5BNDk5OWMwNDctOTIwYi00OWQwLWE0ZWUtMTFjODg5ZmI1YjcyXkEyXkFqcGdeQXVyNDQ5NTU4NTM@._V1_.jpg\"><figure class=\"swiper-slide-inner\"><img class=\"swiper-slide-image\" src=\"https:\/\/salafilmes.com\/wp-content\/uploads\/2022\/12\/MV5BNDk5OWMwNDctOTIwYi00OWQwLWE0ZWUtMTFjODg5ZmI1YjcyXkEyXkFqcGdeQXVyNDQ5NTU4NTM@._V1_-150x150.jpg\" alt=\"MV5BNDk5OWMwNDctOTIwYi00OWQwLWE0ZWUtMTFjODg5ZmI1YjcyXkEyXkFqcGdeQXVyNDQ5NTU4NTM@._V1_\" \/><\/figure><\/a><\/div>\t\t\t<\/div>\n\t\t\t\t\t\t\t\t\t\t\t\t\t\t\t\t<div class=\"elementor-swiper-button elementor-swiper-button-prev\">\n\t\t\t\t\t\t<i class=\"eicon-chevron-left\" aria-hidden=\"true\"><\/i>\n\t\t\t\t\t\t<span class=\"elementor-screen-only\">Previous<\/span>\n\t\t\t\t\t<\/div>\n\t\t\t\t\t<div class=\"elementor-swiper-button elementor-swiper-button-next\">\n\t\t\t\t\t\t<i class=\"eicon-chevron-right\" aria-hidden=\"true\"><\/i>\n\t\t\t\t\t\t<span class=\"elementor-screen-only\">Next<\/span>\n\t\t\t\t\t<\/div>\n\t\t\t\t\t\t\t\t\t<\/div>\n\t\t\t\t<\/div>\n\t\t\t\t<\/div>\n\t\t\t\t\t\t<\/div>\n\t\t\t\t\t<\/div>\n\t\t<\/div>\n\t\t\t\t\t\t\t\t<\/div>\n\t\t\t\t\t<\/div>\n\t\t<\/section>\n\t\t\t\t<section class=\"elementor-section elementor-top-section elementor-element elementor-element-00de71a elementor-section-boxed elementor-section-height-default elementor-section-height-default\" data-id=\"00de71a\" data-element_type=\"section\">\n\t\t\t\t\t\t<div class=\"elementor-container elementor-column-gap-default\">\n\t\t\t\t\t\t\t<div class=\"elementor-row\">\n\t\t\t\t\t<div class=\"elementor-column elementor-col-100 elementor-top-column elementor-element elementor-element-b2ed396\" data-id=\"b2ed396\" data-element_type=\"column\">\n\t\t\t<div class=\"elementor-column-wrap elementor-element-populated\">\n\t\t\t\t\t\t\t<div class=\"elementor-widget-wrap\">\n\t\t\t\t\t\t<div class=\"elementor-element elementor-element-27d1cb2 elementor-aspect-ratio-169 elementor-widget elementor-widget-video\" data-id=\"27d1cb2\" data-element_type=\"widget\" data-settings=\"{&quot;aspect_ratio&quot;:&quot;169&quot;}\" data-widget_type=\"video.default\">\n\t\t\t\t<div class=\"elementor-widget-container\">\n\t\t\t\t\t<div class=\"elementor-wrapper elementor-fit-aspect-ratio elementor-open-inline\">\n\t\t\t<iframe class=\"elementor-video-iframe\" allowfullscreen title=\"youtube Video Player\" src=\"https:\/\/www.youtube.com\/embed\/N0Ey7QxDuSE?feature=oembed&amp;start&amp;end&amp;wmode=opaque&amp;loop=0&amp;controls=0&amp;mute=0&amp;rel=0&amp;modestbranding=0\"><\/iframe>\t\t<\/div>\n\t\t\t\t<\/div>\n\t\t\t\t<\/div>\n\t\t\t\t\t\t<\/div>\n\t\t\t\t\t<\/div>\n\t\t<\/div>\n\t\t\t\t\t\t\t\t<\/div>\n\t\t\t\t\t<\/div>\n\t\t<\/section>\n\t\t\t\t\t\t<\/div>\n\t\t\t\t\t\t<\/div>\n\t\t\t\t\t<\/div>\n\t\t","protected":false},"excerpt":{"rendered":"<p>Maria \u00e9 uma menina negra universit\u00e1ria que decide fazer sua primeira viagem internacional. Diversas barreiras e questionamentos surgem no decorrer do processo para a realiza\u00e7\u00e3o desse sonho. Suzi, supervisora de Maria, garante que \u00e9 s\u00f3 se esfor\u00e7ar para conseguir o que se quer. Entretanto, o que se revela \u00e9 que o esfor\u00e7o pr\u00f3prio n\u00e3o \u00e9 [&hellip;]<\/p>\n","protected":false},"author":1,"featured_media":0,"parent":0,"menu_order":0,"comment_status":"closed","ping_status":"closed","template":"","meta":[],"_links":{"self":[{"href":"https:\/\/salafilmes.com\/index.php\/wp-json\/wp\/v2\/pages\/258"}],"collection":[{"href":"https:\/\/salafilmes.com\/index.php\/wp-json\/wp\/v2\/pages"}],"about":[{"href":"https:\/\/salafilmes.com\/index.php\/wp-json\/wp\/v2\/types\/page"}],"author":[{"embeddable":true,"href":"https:\/\/salafilmes.com\/index.php\/wp-json\/wp\/v2\/users\/1"}],"replies":[{"embeddable":true,"href":"https:\/\/salafilmes.com\/index.php\/wp-json\/wp\/v2\/comments?post=258"}],"version-history":[{"count":16,"href":"https:\/\/salafilmes.com\/index.php\/wp-json\/wp\/v2\/pages\/258\/revisions"}],"predecessor-version":[{"id":542,"href":"https:\/\/salafilmes.com\/index.php\/wp-json\/wp\/v2\/pages\/258\/revisions\/542"}],"wp:attachment":[{"href":"https:\/\/salafilmes.com\/index.php\/wp-json\/wp\/v2\/media?parent=258"}],"curies":[{"name":"wp","href":"https:\/\/api.w.org\/{rel}","templated":true}]}}